{"id":127,"date":"2021-11-16T09:25:52","date_gmt":"2021-11-16T08:25:52","guid":{"rendered":"https:\/\/srcc.saxxbizz.de\/?page_id=127"},"modified":"2023-03-06T14:36:38","modified_gmt":"2023-03-06T13:36:38","slug":"elementor-127","status":"publish","type":"page","link":"https:\/\/www.smart-rail-campus.de\/?page_id=127","title":{"rendered":"R\u00fcckblick 1. Rail &#038; Digital Mobility Konferenz 2019"},"content":{"rendered":"\t\t<div data-elementor-type=\"wp-page\" data-elementor-id=\"127\" class=\"elementor elementor-127\">\n\t\t\t\t\t\t<section class=\"elementor-section elementor-top-section elementor-element elementor-element-a24eb22 elementor-section-boxed elementor-section-height-default elementor-section-height-default\" data-id=\"a24eb22\" data-element_type=\"section\" data-e-type=\"section\">\n\t\t\t\t\t\t<div class=\"elementor-container elementor-column-gap-default\">\n\t\t\t\t\t<div class=\"elementor-column elementor-col-100 elementor-top-column elementor-element elementor-element-4abd77a\" data-id=\"4abd77a\" data-element_type=\"column\" data-e-type=\"column\">\n\t\t\t<div class=\"elementor-widget-wrap elementor-element-populated\">\n\t\t\t\t\t\t<div class=\"elementor-element elementor-element-90c738f elementor-widget elementor-widget-text-editor\" data-id=\"90c738f\" data-element_type=\"widget\" data-e-type=\"widget\" data-widget_type=\"text-editor.default\">\n\t\t\t\t<div class=\"elementor-widget-container\">\n\t\t\t\t\t\t\t\t\t<p><strong>Vom 18. September bis 20. September 2019 fand im erzgebirgischen Annaberg-Buchholz die erste internationale Rail &amp; Digital Mobility User Conference statt.<\/strong><\/p><p>Die G\u00e4ste hatten sich auf Einladung des Smart Rail Connectivity Campus im Erzgebirge zur internationalen Rail and Digital Mobility User Conference eingefunden, die zum ersten Mal veranstaltet wurde. Unterst\u00fctzt wurde der Campus dabei von der\u00a0<a href=\"https:\/\/www.thalesgroup.com\/de\/europe\/deutschland\" target=\"_blank\" rel=\"noopener\">Thales Group Deutschland<\/a>, der\u00a0<a href=\"https:\/\/www.vodafone.de\/\" target=\"_blank\" rel=\"noopener\">Vodafone GmbH<\/a>, der\u00a0<a href=\"https:\/\/www.iav.com\/\" target=\"_blank\" rel=\"noopener\">IAV GmbH Ingenieurgesellschaft Auto und Verkehr<\/a>, der\u00a0<a href=\"https:\/\/www.erzgebirgsbahn.de\/erzgebirgsbahn\/view\/index.shtml\" target=\"_blank\" rel=\"noopener\">DB RegioNetz Verkehrs GmbH \/ Infrastruktur GmbH Erzgebirgsbahn<\/a>, der\u00a0<a href=\"https:\/\/www.tu-chemnitz.de\/index.html\" target=\"_blank\" rel=\"noopener\">Technischen Universit\u00e4t Chemnitz<\/a>\u00a0und von der\u00a0<a href=\"https:\/\/www.annaberg-buchholz.de\/\" target=\"_blank\" rel=\"noopener\">Stadt Annaberg-Buchholz<\/a>.<\/p>\t\t\t\t\t\t\t\t<\/div>\n\t\t\t\t<\/div>\n\t\t\t\t\t<\/div>\n\t\t<\/div>\n\t\t\t\t\t<\/div>\n\t\t<\/section>\n\t\t\t\t<section class=\"elementor-section elementor-top-section elementor-element elementor-element-7682bcc elementor-section-boxed elementor-section-height-default elementor-section-height-default\" data-id=\"7682bcc\" data-element_type=\"section\" data-e-type=\"section\">\n\t\t\t\t\t\t<div class=\"elementor-container elementor-column-gap-default\">\n\t\t\t\t\t<div class=\"elementor-column elementor-col-100 elementor-top-column elementor-element elementor-element-2c748b9\" data-id=\"2c748b9\" data-element_type=\"column\" data-e-type=\"column\">\n\t\t\t<div class=\"elementor-widget-wrap elementor-element-populated\">\n\t\t\t\t\t\t<div class=\"elementor-element elementor-element-6a738a6 elementor-widget elementor-widget-video\" data-id=\"6a738a6\" data-element_type=\"widget\" data-e-type=\"widget\" data-settings=\"{&quot;youtube_url&quot;:&quot;https:\\\/\\\/youtu.be\\\/vDl6Wi-lvJE&quot;,&quot;video_type&quot;:&quot;youtube&quot;,&quot;controls&quot;:&quot;yes&quot;}\" data-widget_type=\"video.default\">\n\t\t\t\t<div class=\"elementor-widget-container\">\n\t\t\t\t\t\t\t<div class=\"elementor-wrapper elementor-open-inline\">\n\t\t\t<div class=\"elementor-video\"><\/div>\t\t<\/div>\n\t\t\t\t\t\t<\/div>\n\t\t\t\t<\/div>\n\t\t\t\t\t<\/div>\n\t\t<\/div>\n\t\t\t\t\t<\/div>\n\t\t<\/section>\n\t\t\t\t<section class=\"elementor-section elementor-top-section elementor-element elementor-element-38717ef elementor-section-boxed elementor-section-height-default elementor-section-height-default\" data-id=\"38717ef\" data-element_type=\"section\" data-e-type=\"section\">\n\t\t\t\t\t\t<div class=\"elementor-container elementor-column-gap-default\">\n\t\t\t\t\t<div class=\"elementor-column elementor-col-33 elementor-top-column elementor-element elementor-element-0982dab\" data-id=\"0982dab\" data-element_type=\"column\" data-e-type=\"column\">\n\t\t\t<div class=\"elementor-widget-wrap elementor-element-populated\">\n\t\t\t\t\t\t<div class=\"elementor-element elementor-element-bc5dcee elementor-widget elementor-widget-image\" data-id=\"bc5dcee\" data-element_type=\"widget\" data-e-type=\"widget\" data-widget_type=\"image.default\">\n\t\t\t\t<div class=\"elementor-widget-container\">\n\t\t\t\t\t\t\t\t\t\t\t\t\t\t\t<img fetchpriority=\"high\" decoding=\"async\" width=\"420\" height=\"281\" src=\"https:\/\/www.smart-rail-campus.de\/wp-content\/uploads\/2021\/11\/con2019.png\" class=\"attachment-large size-large wp-image-128\" alt=\"\" srcset=\"https:\/\/www.smart-rail-campus.de\/wp-content\/uploads\/2021\/11\/con2019.png 420w, https:\/\/www.smart-rail-campus.de\/wp-content\/uploads\/2021\/11\/con2019-300x201.png 300w, https:\/\/www.smart-rail-campus.de\/wp-content\/uploads\/2021\/11\/con2019-272x182.png 272w\" sizes=\"(max-width: 420px) 100vw, 420px\" \/>\t\t\t\t\t\t\t\t\t\t\t\t\t\t\t<\/div>\n\t\t\t\t<\/div>\n\t\t\t\t\t<\/div>\n\t\t<\/div>\n\t\t\t\t<div class=\"elementor-column elementor-col-66 elementor-top-column elementor-element elementor-element-564350c\" data-id=\"564350c\" data-element_type=\"column\" data-e-type=\"column\">\n\t\t\t<div class=\"elementor-widget-wrap elementor-element-populated\">\n\t\t\t\t\t\t<div class=\"elementor-element elementor-element-9c8d878 elementor-widget elementor-widget-text-editor\" data-id=\"9c8d878\" data-element_type=\"widget\" data-e-type=\"widget\" data-widget_type=\"text-editor.default\">\n\t\t\t\t<div class=\"elementor-widget-container\">\n\t\t\t\t\t\t\t\t\t<p><span style=\"text-align: var(--bs-body-text-align);\">Die Fakten:<\/span><\/p><p><span style=\"font-size: 13px; color: var( --e-global-color-text ); text-align: var(--bs-body-text-align);\">\u2022 214 Teilnehmer arbeiteten an Mobilit\u00e4tskonzepten der Zukunft<\/span><\/p><p>\u2022 Fachleute aus Japan, Saudi-Arabien, Frankreich, China und weiteren Nationen trafen sich in Annaberg-Buchholz<\/p><p>\u2022 Ergebnisse aus 20 Workstreams werden unmittelbar in Produktentwicklung und Forschung einflie\u00dfen<\/p><p>\u2022 20 Entwicklungsprojekte an der Teststrecke des Smart Rail Connectivity Campus<\/p><p><span style=\"font-size: 13px; color: var( --e-global-color-text ); text-align: var(--bs-body-text-align);\">Rolf Schmidt, Oberb\u00fcrgermeister der Annaberg-Buchholz, war sichtlich stolz, als er die aus 14 L\u00e4ndern, darunter Japan, China und Saudi-Arabien, angereisten Bahnexperten am Abend des ersten Konferenztages in seiner Stadt begr\u00fc\u00dfen durfte. Auf den Stufen des repr\u00e4sentativen Geb\u00e4udes der Evangelischen Schulgemeinsaft (EGE) begr\u00fc\u00dfte er die Experten u. a. mit den Worten: &#8222;Annaberg-Buchholz sei zwar eine kleine Stadt, verf\u00fcge aber \u00fcber viel Platz f\u00fcr Innovationen und Forschung.&#8220;<\/span><\/p>\t\t\t\t\t\t\t\t<\/div>\n\t\t\t\t<\/div>\n\t\t\t\t\t<\/div>\n\t\t<\/div>\n\t\t\t\t\t<\/div>\n\t\t<\/section>\n\t\t\t\t<section class=\"elementor-section elementor-top-section elementor-element elementor-element-285cb9d elementor-section-boxed elementor-section-height-default elementor-section-height-default\" data-id=\"285cb9d\" data-element_type=\"section\" data-e-type=\"section\">\n\t\t\t\t\t\t<div class=\"elementor-container elementor-column-gap-default\">\n\t\t\t\t\t<div class=\"elementor-column elementor-col-100 elementor-top-column elementor-element elementor-element-33d4bf6\" data-id=\"33d4bf6\" data-element_type=\"column\" data-e-type=\"column\">\n\t\t\t<div class=\"elementor-widget-wrap elementor-element-populated\">\n\t\t\t\t\t\t<div class=\"elementor-element elementor-element-595ab68 elementor-widget elementor-widget-image-gallery\" data-id=\"595ab68\" data-element_type=\"widget\" data-e-type=\"widget\" data-widget_type=\"image-gallery.default\">\n\t\t\t\t<div class=\"elementor-widget-container\">\n\t\t\t\t\t\t\t<div class=\"elementor-image-gallery\">\n\t\t\t\n\t\t<style type=\"text\/css\">\n\t\t\t#gallery-1 {\n\t\t\t\tmargin: auto;\n\t\t\t}\n\t\t\t#gallery-1 .gallery-item {\n\t\t\t\tfloat: left;\n\t\t\t\tmargin-top: 10px;\n\t\t\t\ttext-align: center;\n\t\t\t\twidth: 20%;\n\t\t\t}\n\t\t\t#gallery-1 img {\n\t\t\t\tborder: 2px solid #cfcfcf;\n\t\t\t}\n\t\t\t#gallery-1 .gallery-caption {\n\t\t\t\tmargin-left: 0;\n\t\t\t}\n\t\t\t\/* see gallery_shortcode() in wp-includes\/media.php *\/\n\t\t<\/style>\n\t\t<div id='gallery-1' class='gallery galleryid-127 gallery-columns-5 gallery-size-thumbnail'><dl class='gallery-item'>\n\t\t\t<dt class='gallery-icon landscape'>\n\t\t\t\t<a data-elementor-open-lightbox=\"yes\" data-elementor-lightbox-slideshow=\"595ab68\" data-elementor-lightbox-title=\"29\" data-e-action-hash=\"#elementor-action%3Aaction%3Dlightbox%26settings%3DeyJpZCI6MTM0LCJ1cmwiOiJodHRwczpcL1wvd3d3LnNtYXJ0LXJhaWwtY2FtcHVzLmRlXC93cC1jb250ZW50XC91cGxvYWRzXC8yMDIxXC8xMVwvMjkuanBnIiwic2xpZGVzaG93IjoiNTk1YWI2OCJ9\" href='https:\/\/www.smart-rail-campus.de\/wp-content\/uploads\/2021\/11\/29.jpg'><img decoding=\"async\" width=\"150\" height=\"150\" src=\"https:\/\/www.smart-rail-campus.de\/wp-content\/uploads\/2021\/11\/29-150x150.jpg\" class=\"attachment-thumbnail size-thumbnail\" alt=\"\" \/><\/a>\n\t\t\t<\/dt><\/dl><dl class='gallery-item'>\n\t\t\t<dt class='gallery-icon landscape'>\n\t\t\t\t<a data-elementor-open-lightbox=\"yes\" data-elementor-lightbox-slideshow=\"595ab68\" data-elementor-lightbox-title=\"09\" data-e-action-hash=\"#elementor-action%3Aaction%3Dlightbox%26settings%3DeyJpZCI6MTQwLCJ1cmwiOiJodHRwczpcL1wvd3d3LnNtYXJ0LXJhaWwtY2FtcHVzLmRlXC93cC1jb250ZW50XC91cGxvYWRzXC8yMDIxXC8xMVwvMDkuanBnIiwic2xpZGVzaG93IjoiNTk1YWI2OCJ9\" href='https:\/\/www.smart-rail-campus.de\/wp-content\/uploads\/2021\/11\/09.jpg'><img decoding=\"async\" width=\"150\" height=\"150\" src=\"https:\/\/www.smart-rail-campus.de\/wp-content\/uploads\/2021\/11\/09-150x150.jpg\" class=\"attachment-thumbnail size-thumbnail\" alt=\"\" \/><\/a>\n\t\t\t<\/dt><\/dl><dl class='gallery-item'>\n\t\t\t<dt class='gallery-icon landscape'>\n\t\t\t\t<a data-elementor-open-lightbox=\"yes\" data-elementor-lightbox-slideshow=\"595ab68\" data-elementor-lightbox-title=\"18\" data-e-action-hash=\"#elementor-action%3Aaction%3Dlightbox%26settings%3DeyJpZCI6MTQzLCJ1cmwiOiJodHRwczpcL1wvd3d3LnNtYXJ0LXJhaWwtY2FtcHVzLmRlXC93cC1jb250ZW50XC91cGxvYWRzXC8yMDIxXC8xMVwvMTguanBnIiwic2xpZGVzaG93IjoiNTk1YWI2OCJ9\" href='https:\/\/www.smart-rail-campus.de\/wp-content\/uploads\/2021\/11\/18.jpg'><img loading=\"lazy\" decoding=\"async\" width=\"150\" height=\"150\" src=\"https:\/\/www.smart-rail-campus.de\/wp-content\/uploads\/2021\/11\/18-150x150.jpg\" class=\"attachment-thumbnail size-thumbnail\" alt=\"\" \/><\/a>\n\t\t\t<\/dt><\/dl><dl class='gallery-item'>\n\t\t\t<dt class='gallery-icon landscape'>\n\t\t\t\t<a data-elementor-open-lightbox=\"yes\" data-elementor-lightbox-slideshow=\"595ab68\" data-elementor-lightbox-title=\"04\" data-e-action-hash=\"#elementor-action%3Aaction%3Dlightbox%26settings%3DeyJpZCI6MTM3LCJ1cmwiOiJodHRwczpcL1wvd3d3LnNtYXJ0LXJhaWwtY2FtcHVzLmRlXC93cC1jb250ZW50XC91cGxvYWRzXC8yMDIxXC8xMVwvMDQuanBnIiwic2xpZGVzaG93IjoiNTk1YWI2OCJ9\" href='https:\/\/www.smart-rail-campus.de\/wp-content\/uploads\/2021\/11\/04.jpg'><img loading=\"lazy\" decoding=\"async\" width=\"150\" height=\"150\" src=\"https:\/\/www.smart-rail-campus.de\/wp-content\/uploads\/2021\/11\/04-150x150.jpg\" class=\"attachment-thumbnail size-thumbnail\" alt=\"\" \/><\/a>\n\t\t\t<\/dt><\/dl><dl class='gallery-item'>\n\t\t\t<dt class='gallery-icon landscape'>\n\t\t\t\t<a data-elementor-open-lightbox=\"yes\" data-elementor-lightbox-slideshow=\"595ab68\" data-elementor-lightbox-title=\"23\" data-e-action-hash=\"#elementor-action%3Aaction%3Dlightbox%26settings%3DeyJpZCI6MTMwLCJ1cmwiOiJodHRwczpcL1wvd3d3LnNtYXJ0LXJhaWwtY2FtcHVzLmRlXC93cC1jb250ZW50XC91cGxvYWRzXC8yMDIxXC8xMVwvMjMuanBnIiwic2xpZGVzaG93IjoiNTk1YWI2OCJ9\" href='https:\/\/www.smart-rail-campus.de\/wp-content\/uploads\/2021\/11\/23.jpg'><img loading=\"lazy\" decoding=\"async\" width=\"150\" height=\"150\" src=\"https:\/\/www.smart-rail-campus.de\/wp-content\/uploads\/2021\/11\/23-150x150.jpg\" class=\"attachment-thumbnail size-thumbnail\" alt=\"\" \/><\/a>\n\t\t\t<\/dt><\/dl><br style=\"clear: both\" \/><dl class='gallery-item'>\n\t\t\t<dt class='gallery-icon landscape'>\n\t\t\t\t<a data-elementor-open-lightbox=\"yes\" data-elementor-lightbox-slideshow=\"595ab68\" data-elementor-lightbox-title=\"31\" data-e-action-hash=\"#elementor-action%3Aaction%3Dlightbox%26settings%3DeyJpZCI6MTM1LCJ1cmwiOiJodHRwczpcL1wvd3d3LnNtYXJ0LXJhaWwtY2FtcHVzLmRlXC93cC1jb250ZW50XC91cGxvYWRzXC8yMDIxXC8xMVwvMzEuanBnIiwic2xpZGVzaG93IjoiNTk1YWI2OCJ9\" href='https:\/\/www.smart-rail-campus.de\/wp-content\/uploads\/2021\/11\/31.jpg'><img loading=\"lazy\" decoding=\"async\" width=\"150\" height=\"150\" src=\"https:\/\/www.smart-rail-campus.de\/wp-content\/uploads\/2021\/11\/31-150x150.jpg\" class=\"attachment-thumbnail size-thumbnail\" alt=\"\" \/><\/a>\n\t\t\t<\/dt><\/dl><dl class='gallery-item'>\n\t\t\t<dt class='gallery-icon landscape'>\n\t\t\t\t<a data-elementor-open-lightbox=\"yes\" data-elementor-lightbox-slideshow=\"595ab68\" data-elementor-lightbox-title=\"13\" data-e-action-hash=\"#elementor-action%3Aaction%3Dlightbox%26settings%3DeyJpZCI6MTQxLCJ1cmwiOiJodHRwczpcL1wvd3d3LnNtYXJ0LXJhaWwtY2FtcHVzLmRlXC93cC1jb250ZW50XC91cGxvYWRzXC8yMDIxXC8xMVwvMTMuanBnIiwic2xpZGVzaG93IjoiNTk1YWI2OCJ9\" href='https:\/\/www.smart-rail-campus.de\/wp-content\/uploads\/2021\/11\/13.jpg'><img loading=\"lazy\" decoding=\"async\" width=\"150\" height=\"150\" src=\"https:\/\/www.smart-rail-campus.de\/wp-content\/uploads\/2021\/11\/13-150x150.jpg\" class=\"attachment-thumbnail size-thumbnail\" alt=\"\" \/><\/a>\n\t\t\t<\/dt><\/dl><dl class='gallery-item'>\n\t\t\t<dt class='gallery-icon landscape'>\n\t\t\t\t<a data-elementor-open-lightbox=\"yes\" data-elementor-lightbox-slideshow=\"595ab68\" data-elementor-lightbox-title=\"28\" data-e-action-hash=\"#elementor-action%3Aaction%3Dlightbox%26settings%3DeyJpZCI6MTMzLCJ1cmwiOiJodHRwczpcL1wvd3d3LnNtYXJ0LXJhaWwtY2FtcHVzLmRlXC93cC1jb250ZW50XC91cGxvYWRzXC8yMDIxXC8xMVwvMjguanBnIiwic2xpZGVzaG93IjoiNTk1YWI2OCJ9\" href='https:\/\/www.smart-rail-campus.de\/wp-content\/uploads\/2021\/11\/28.jpg'><img loading=\"lazy\" decoding=\"async\" width=\"150\" height=\"150\" src=\"https:\/\/www.smart-rail-campus.de\/wp-content\/uploads\/2021\/11\/28-150x150.jpg\" class=\"attachment-thumbnail size-thumbnail\" alt=\"\" \/><\/a>\n\t\t\t<\/dt><\/dl><dl class='gallery-item'>\n\t\t\t<dt class='gallery-icon landscape'>\n\t\t\t\t<a data-elementor-open-lightbox=\"yes\" data-elementor-lightbox-slideshow=\"595ab68\" data-elementor-lightbox-title=\"03\" data-e-action-hash=\"#elementor-action%3Aaction%3Dlightbox%26settings%3DeyJpZCI6MTM2LCJ1cmwiOiJodHRwczpcL1wvd3d3LnNtYXJ0LXJhaWwtY2FtcHVzLmRlXC93cC1jb250ZW50XC91cGxvYWRzXC8yMDIxXC8xMVwvMDMuanBnIiwic2xpZGVzaG93IjoiNTk1YWI2OCJ9\" href='https:\/\/www.smart-rail-campus.de\/wp-content\/uploads\/2021\/11\/03.jpg'><img loading=\"lazy\" decoding=\"async\" width=\"150\" height=\"150\" src=\"https:\/\/www.smart-rail-campus.de\/wp-content\/uploads\/2021\/11\/03-150x150.jpg\" class=\"attachment-thumbnail size-thumbnail\" alt=\"\" \/><\/a>\n\t\t\t<\/dt><\/dl><dl class='gallery-item'>\n\t\t\t<dt class='gallery-icon landscape'>\n\t\t\t\t<a data-elementor-open-lightbox=\"yes\" data-elementor-lightbox-slideshow=\"595ab68\" data-elementor-lightbox-title=\"25\" data-e-action-hash=\"#elementor-action%3Aaction%3Dlightbox%26settings%3DeyJpZCI6MTMxLCJ1cmwiOiJodHRwczpcL1wvd3d3LnNtYXJ0LXJhaWwtY2FtcHVzLmRlXC93cC1jb250ZW50XC91cGxvYWRzXC8yMDIxXC8xMVwvMjUuanBnIiwic2xpZGVzaG93IjoiNTk1YWI2OCJ9\" href='https:\/\/www.smart-rail-campus.de\/wp-content\/uploads\/2021\/11\/25.jpg'><img loading=\"lazy\" decoding=\"async\" width=\"150\" height=\"150\" src=\"https:\/\/www.smart-rail-campus.de\/wp-content\/uploads\/2021\/11\/25-150x150.jpg\" class=\"attachment-thumbnail size-thumbnail\" alt=\"\" \/><\/a>\n\t\t\t<\/dt><\/dl><br style=\"clear: both\" \/><dl class='gallery-item'>\n\t\t\t<dt class='gallery-icon landscape'>\n\t\t\t\t<a data-elementor-open-lightbox=\"yes\" data-elementor-lightbox-slideshow=\"595ab68\" data-elementor-lightbox-title=\"22\" data-e-action-hash=\"#elementor-action%3Aaction%3Dlightbox%26settings%3DeyJpZCI6MTI5LCJ1cmwiOiJodHRwczpcL1wvd3d3LnNtYXJ0LXJhaWwtY2FtcHVzLmRlXC93cC1jb250ZW50XC91cGxvYWRzXC8yMDIxXC8xMVwvMjIuanBnIiwic2xpZGVzaG93IjoiNTk1YWI2OCJ9\" href='https:\/\/www.smart-rail-campus.de\/wp-content\/uploads\/2021\/11\/22.jpg'><img loading=\"lazy\" decoding=\"async\" width=\"150\" height=\"150\" src=\"https:\/\/www.smart-rail-campus.de\/wp-content\/uploads\/2021\/11\/22-150x150.jpg\" class=\"attachment-thumbnail size-thumbnail\" alt=\"\" \/><\/a>\n\t\t\t<\/dt><\/dl><dl class='gallery-item'>\n\t\t\t<dt class='gallery-icon landscape'>\n\t\t\t\t<a data-elementor-open-lightbox=\"yes\" data-elementor-lightbox-slideshow=\"595ab68\" data-elementor-lightbox-title=\"15\" data-e-action-hash=\"#elementor-action%3Aaction%3Dlightbox%26settings%3DeyJpZCI6MTQyLCJ1cmwiOiJodHRwczpcL1wvd3d3LnNtYXJ0LXJhaWwtY2FtcHVzLmRlXC93cC1jb250ZW50XC91cGxvYWRzXC8yMDIxXC8xMVwvMTUuanBnIiwic2xpZGVzaG93IjoiNTk1YWI2OCJ9\" href='https:\/\/www.smart-rail-campus.de\/wp-content\/uploads\/2021\/11\/15.jpg'><img loading=\"lazy\" decoding=\"async\" width=\"150\" height=\"150\" src=\"https:\/\/www.smart-rail-campus.de\/wp-content\/uploads\/2021\/11\/15-150x150.jpg\" class=\"attachment-thumbnail size-thumbnail\" alt=\"\" \/><\/a>\n\t\t\t<\/dt><\/dl><dl class='gallery-item'>\n\t\t\t<dt class='gallery-icon landscape'>\n\t\t\t\t<a data-elementor-open-lightbox=\"yes\" data-elementor-lightbox-slideshow=\"595ab68\" data-elementor-lightbox-title=\"07\" data-e-action-hash=\"#elementor-action%3Aaction%3Dlightbox%26settings%3DeyJpZCI6MTM4LCJ1cmwiOiJodHRwczpcL1wvd3d3LnNtYXJ0LXJhaWwtY2FtcHVzLmRlXC93cC1jb250ZW50XC91cGxvYWRzXC8yMDIxXC8xMVwvMDcuanBnIiwic2xpZGVzaG93IjoiNTk1YWI2OCJ9\" href='https:\/\/www.smart-rail-campus.de\/wp-content\/uploads\/2021\/11\/07.jpg'><img loading=\"lazy\" decoding=\"async\" width=\"150\" height=\"150\" src=\"https:\/\/www.smart-rail-campus.de\/wp-content\/uploads\/2021\/11\/07-150x150.jpg\" class=\"attachment-thumbnail size-thumbnail\" alt=\"\" \/><\/a>\n\t\t\t<\/dt><\/dl><dl class='gallery-item'>\n\t\t\t<dt class='gallery-icon landscape'>\n\t\t\t\t<a data-elementor-open-lightbox=\"yes\" data-elementor-lightbox-slideshow=\"595ab68\" data-elementor-lightbox-title=\"08\" data-e-action-hash=\"#elementor-action%3Aaction%3Dlightbox%26settings%3DeyJpZCI6MTM5LCJ1cmwiOiJodHRwczpcL1wvd3d3LnNtYXJ0LXJhaWwtY2FtcHVzLmRlXC93cC1jb250ZW50XC91cGxvYWRzXC8yMDIxXC8xMVwvMDguanBnIiwic2xpZGVzaG93IjoiNTk1YWI2OCJ9\" href='https:\/\/www.smart-rail-campus.de\/wp-content\/uploads\/2021\/11\/08.jpg'><img loading=\"lazy\" decoding=\"async\" width=\"150\" height=\"150\" src=\"https:\/\/www.smart-rail-campus.de\/wp-content\/uploads\/2021\/11\/08-150x150.jpg\" class=\"attachment-thumbnail size-thumbnail\" alt=\"\" \/><\/a>\n\t\t\t<\/dt><\/dl><dl class='gallery-item'>\n\t\t\t<dt class='gallery-icon landscape'>\n\t\t\t\t<a data-elementor-open-lightbox=\"yes\" data-elementor-lightbox-slideshow=\"595ab68\" data-elementor-lightbox-title=\"26\" data-e-action-hash=\"#elementor-action%3Aaction%3Dlightbox%26settings%3DeyJpZCI6MTMyLCJ1cmwiOiJodHRwczpcL1wvd3d3LnNtYXJ0LXJhaWwtY2FtcHVzLmRlXC93cC1jb250ZW50XC91cGxvYWRzXC8yMDIxXC8xMVwvMjYuanBnIiwic2xpZGVzaG93IjoiNTk1YWI2OCJ9\" href='https:\/\/www.smart-rail-campus.de\/wp-content\/uploads\/2021\/11\/26.jpg'><img loading=\"lazy\" decoding=\"async\" width=\"150\" height=\"150\" src=\"https:\/\/www.smart-rail-campus.de\/wp-content\/uploads\/2021\/11\/26-150x150.jpg\" class=\"attachment-thumbnail size-thumbnail\" alt=\"\" \/><\/a>\n\t\t\t<\/dt><\/dl><br style=\"clear: both\" \/>\n\t\t<\/div>\n\t\t<\/div>\n\t\t\t\t\t\t<\/div>\n\t\t\t\t<\/div>\n\t\t\t\t\t<\/div>\n\t\t<\/div>\n\t\t\t\t\t<\/div>\n\t\t<\/section>\n\t\t\t\t<\/div>\n\t\t","protected":false},"excerpt":{"rendered":"<p>Vom 18. September bis 20. September 2019 fand im erzgebirgischen Annaberg-Buchholz die erste internationale Rail &amp; Digital Mobility User Conference statt. Die G\u00e4ste hatten sich auf Einladung des Smart Rail Connectivity Campus im Erzgebirge zur internationalen Rail and Digital Mobility User Conference eingefunden, die zum ersten Mal veranstaltet wurde. Unterst\u00fctzt wurde der Campus dabei von [&hellip;]<\/p>\n","protected":false},"author":1,"featured_media":0,"parent":0,"menu_order":0,"comment_status":"closed","ping_status":"closed","template":"","meta":{"footnotes":""},"class_list":["post-127","page","type-page","status-publish","hentry","post"],"_links":{"self":[{"href":"https:\/\/www.smart-rail-campus.de\/index.php?rest_route=\/wp\/v2\/pages\/127","targetHints":{"allow":["GET"]}}],"collection":[{"href":"https:\/\/www.smart-rail-campus.de\/index.php?rest_route=\/wp\/v2\/pages"}],"about":[{"href":"https:\/\/www.smart-rail-campus.de\/index.php?rest_route=\/wp\/v2\/types\/page"}],"author":[{"embeddable":true,"href":"https:\/\/www.smart-rail-campus.de\/index.php?rest_route=\/wp\/v2\/users\/1"}],"replies":[{"embeddable":true,"href":"https:\/\/www.smart-rail-campus.de\/index.php?rest_route=%2Fwp%2Fv2%2Fcomments&post=127"}],"version-history":[{"count":8,"href":"https:\/\/www.smart-rail-campus.de\/index.php?rest_route=\/wp\/v2\/pages\/127\/revisions"}],"predecessor-version":[{"id":1615,"href":"https:\/\/www.smart-rail-campus.de\/index.php?rest_route=\/wp\/v2\/pages\/127\/revisions\/1615"}],"wp:attachment":[{"href":"https:\/\/www.smart-rail-campus.de\/index.php?rest_route=%2Fwp%2Fv2%2Fmedia&parent=127"}],"curies":[{"name":"wp","href":"https:\/\/api.w.org\/{rel}","templated":true}]}}