{"id":3855,"date":"2024-03-08T11:25:50","date_gmt":"2024-03-08T10:25:50","guid":{"rendered":"https:\/\/www.smart-rail-campus.de\/?page_id=3855"},"modified":"2025-11-24T08:05:15","modified_gmt":"2025-11-24T07:05:15","slug":"weiter-bildung","status":"publish","type":"page","link":"https:\/\/www.smart-rail-campus.de\/?page_id=3855","title":{"rendered":"(Weiter-)Bildung"},"content":{"rendered":"\t\t<div data-elementor-type=\"wp-page\" data-elementor-id=\"3855\" class=\"elementor elementor-3855\">\n\t\t\t\t\t\t<section class=\"elementor-section elementor-top-section elementor-element elementor-element-849b193 elementor-section-boxed elementor-section-height-default elementor-section-height-default\" data-id=\"849b193\" data-element_type=\"section\" data-e-type=\"section\">\n\t\t\t\t\t\t<div class=\"elementor-container elementor-column-gap-default\">\n\t\t\t\t\t<div class=\"elementor-column elementor-col-100 elementor-top-column elementor-element elementor-element-68da5a6\" data-id=\"68da5a6\" data-element_type=\"column\" data-e-type=\"column\">\n\t\t\t<div class=\"elementor-widget-wrap elementor-element-populated\">\n\t\t\t\t\t\t<div class=\"elementor-element elementor-element-ebb5555 elementor-widget elementor-widget-heading\" data-id=\"ebb5555\" data-element_type=\"widget\" data-e-type=\"widget\" data-widget_type=\"heading.default\">\n\t\t\t\t<div class=\"elementor-widget-container\">\n\t\t\t\t\t<h2 class=\"elementor-heading-title elementor-size-default\">Aktivit\u00e4ten im Bereich der Bildung, Weiterbildung und MINT-Begeisterung<\/h2>\t\t\t\t<\/div>\n\t\t\t\t<\/div>\n\t\t\t\t\t<\/div>\n\t\t<\/div>\n\t\t\t\t\t<\/div>\n\t\t<\/section>\n\t\t\t\t<section class=\"elementor-section elementor-top-section elementor-element elementor-element-d1a710d elementor-section-boxed elementor-section-height-default elementor-section-height-default\" data-id=\"d1a710d\" data-element_type=\"section\" data-e-type=\"section\">\n\t\t\t\t\t\t<div class=\"elementor-container elementor-column-gap-default\">\n\t\t\t\t\t<div class=\"elementor-column elementor-col-100 elementor-top-column elementor-element elementor-element-6826817\" data-id=\"6826817\" data-element_type=\"column\" data-e-type=\"column\">\n\t\t\t<div class=\"elementor-widget-wrap elementor-element-populated\">\n\t\t\t\t\t\t<div class=\"elementor-element elementor-element-694fa82 elementor-widget elementor-widget-text-editor\" data-id=\"694fa82\" data-element_type=\"widget\" data-e-type=\"widget\" data-widget_type=\"text-editor.default\">\n\t\t\t\t<div class=\"elementor-widget-container\">\n\t\t\t\t\t\t\t\t\t<p>Der SRCC als Gesamtvorhaben strebt mit verschiedenen Aktivit\u00e4ten an, dem bereits existierenden Fachkr\u00e4ftemangel sowohl im Bahnsektor als auch in der Region Chemnitz-Erzgebirge entgegenzutreten. Hierf\u00fcr werden die drei Str\u00e4nge &#8222;Bildung&#8220;, &#8222;Weiterbildung&#8220; und &#8222;MINT-Begeisterung bei Kindern und Jugendlichen&#8220; verfolgt.<\/p><p>Beginnend bei der Schule, \u00fcber das Studium hinweg bis hin zum lebenslangen Lernen soll an s\u00e4mtlichen Phasen angesetzt werden, um Fach- und Nachwuchskr\u00e4fte zu sichern.<\/p>\t\t\t\t\t\t\t\t<\/div>\n\t\t\t\t<\/div>\n\t\t\t\t\t<\/div>\n\t\t<\/div>\n\t\t\t\t\t<\/div>\n\t\t<\/section>\n\t\t\t\t<section class=\"elementor-section elementor-top-section elementor-element elementor-element-f1cf469 elementor-section-boxed elementor-section-height-default elementor-section-height-default\" data-id=\"f1cf469\" data-element_type=\"section\" data-e-type=\"section\">\n\t\t\t\t\t\t<div class=\"elementor-container elementor-column-gap-default\">\n\t\t\t\t\t<div class=\"elementor-column elementor-col-25 elementor-top-column elementor-element elementor-element-d0f624e\" data-id=\"d0f624e\" data-element_type=\"column\" data-e-type=\"column\">\n\t\t\t<div class=\"elementor-widget-wrap elementor-element-populated\">\n\t\t\t\t\t\t<div class=\"elementor-element elementor-element-54bff42 elementor-widget elementor-widget-heading\" data-id=\"54bff42\" data-element_type=\"widget\" data-e-type=\"widget\" data-widget_type=\"heading.default\">\n\t\t\t\t<div class=\"elementor-widget-container\">\n\t\t\t\t\t<h5 class=\"elementor-heading-title elementor-size-default\">Formate f\u00fcr MINT-Begeisterung <\/h5>\t\t\t\t<\/div>\n\t\t\t\t<\/div>\n\t\t\t\t\t<\/div>\n\t\t<\/div>\n\t\t\t\t<div class=\"elementor-column elementor-col-25 elementor-top-column elementor-element elementor-element-dd03af2\" data-id=\"dd03af2\" data-element_type=\"column\" data-e-type=\"column\">\n\t\t\t<div class=\"elementor-widget-wrap elementor-element-populated\">\n\t\t\t\t\t\t<div class=\"elementor-element elementor-element-a5a2cd8 elementor-widget elementor-widget-heading\" data-id=\"a5a2cd8\" data-element_type=\"widget\" data-e-type=\"widget\" data-widget_type=\"heading.default\">\n\t\t\t\t<div class=\"elementor-widget-container\">\n\t\t\t\t\t<h5 class=\"elementor-heading-title elementor-size-default\">Integration in bestehende Lehrangebote<\/h5>\t\t\t\t<\/div>\n\t\t\t\t<\/div>\n\t\t\t\t\t<\/div>\n\t\t<\/div>\n\t\t\t\t<div class=\"elementor-column elementor-col-25 elementor-top-column elementor-element elementor-element-26e3eb8\" data-id=\"26e3eb8\" data-element_type=\"column\" data-e-type=\"column\">\n\t\t\t<div class=\"elementor-widget-wrap elementor-element-populated\">\n\t\t\t\t\t\t<div class=\"elementor-element elementor-element-22c426e elementor-widget elementor-widget-heading\" data-id=\"22c426e\" data-element_type=\"widget\" data-e-type=\"widget\" data-widget_type=\"heading.default\">\n\t\t\t\t<div class=\"elementor-widget-container\">\n\t\t\t\t\t<h5 class=\"elementor-heading-title elementor-size-default\">Neue Studienangebote<\/h5>\t\t\t\t<\/div>\n\t\t\t\t<\/div>\n\t\t\t\t\t<\/div>\n\t\t<\/div>\n\t\t\t\t<div class=\"elementor-column elementor-col-25 elementor-top-column elementor-element elementor-element-fb7a2e7\" data-id=\"fb7a2e7\" data-element_type=\"column\" data-e-type=\"column\">\n\t\t\t<div class=\"elementor-widget-wrap elementor-element-populated\">\n\t\t\t\t\t\t<div class=\"elementor-element elementor-element-e9a34a6 elementor-widget elementor-widget-heading\" data-id=\"e9a34a6\" data-element_type=\"widget\" data-e-type=\"widget\" data-widget_type=\"heading.default\">\n\t\t\t\t<div class=\"elementor-widget-container\">\n\t\t\t\t\t<h5 class=\"elementor-heading-title elementor-size-default\">Zertifikatskurse<\/h5>\t\t\t\t<\/div>\n\t\t\t\t<\/div>\n\t\t\t\t\t<\/div>\n\t\t<\/div>\n\t\t\t\t\t<\/div>\n\t\t<\/section>\n\t\t\t\t<section class=\"elementor-section elementor-top-section elementor-element elementor-element-89a26e1 elementor-section-boxed elementor-section-height-default elementor-section-height-default\" data-id=\"89a26e1\" data-element_type=\"section\" data-e-type=\"section\">\n\t\t\t\t\t\t<div class=\"elementor-container elementor-column-gap-default\">\n\t\t\t\t\t<div class=\"elementor-column elementor-col-100 elementor-top-column elementor-element elementor-element-31b5788\" data-id=\"31b5788\" data-element_type=\"column\" data-e-type=\"column\">\n\t\t\t<div class=\"elementor-widget-wrap elementor-element-populated\">\n\t\t\t\t\t\t<div class=\"elementor-element elementor-element-0700970 elementor-widget elementor-widget-image\" data-id=\"0700970\" data-element_type=\"widget\" data-e-type=\"widget\" data-widget_type=\"image.default\">\n\t\t\t\t<div class=\"elementor-widget-container\">\n\t\t\t\t\t\t\t\t\t\t\t\t\t\t\t<img fetchpriority=\"high\" decoding=\"async\" width=\"2560\" height=\"272\" src=\"https:\/\/www.smart-rail-campus.de\/wp-content\/uploads\/2025\/11\/Pfeil-Weiterbildung-1-scaled.png\" class=\"attachment-full size-full wp-image-7481\" alt=\"\" srcset=\"https:\/\/www.smart-rail-campus.de\/wp-content\/uploads\/2025\/11\/Pfeil-Weiterbildung-1-scaled.png 2560w, https:\/\/www.smart-rail-campus.de\/wp-content\/uploads\/2025\/11\/Pfeil-Weiterbildung-1-300x32.png 300w, https:\/\/www.smart-rail-campus.de\/wp-content\/uploads\/2025\/11\/Pfeil-Weiterbildung-1-1024x109.png 1024w, https:\/\/www.smart-rail-campus.de\/wp-content\/uploads\/2025\/11\/Pfeil-Weiterbildung-1-768x81.png 768w, https:\/\/www.smart-rail-campus.de\/wp-content\/uploads\/2025\/11\/Pfeil-Weiterbildung-1-1536x163.png 1536w, https:\/\/www.smart-rail-campus.de\/wp-content\/uploads\/2025\/11\/Pfeil-Weiterbildung-1-2048x217.png 2048w\" sizes=\"(max-width: 2560px) 100vw, 2560px\" \/>\t\t\t\t\t\t\t\t\t\t\t\t\t\t\t<\/div>\n\t\t\t\t<\/div>\n\t\t\t\t\t<\/div>\n\t\t<\/div>\n\t\t\t\t\t<\/div>\n\t\t<\/section>\n\t\t\t\t<section class=\"elementor-section elementor-top-section elementor-element elementor-element-d4a86fc elementor-section-boxed elementor-section-height-default elementor-section-height-default\" data-id=\"d4a86fc\" data-element_type=\"section\" data-e-type=\"section\">\n\t\t\t\t\t\t<div class=\"elementor-container elementor-column-gap-default\">\n\t\t\t\t\t<div class=\"elementor-column elementor-col-100 elementor-top-column elementor-element elementor-element-a3959b8\" data-id=\"a3959b8\" data-element_type=\"column\" data-e-type=\"column\">\n\t\t\t<div class=\"elementor-widget-wrap elementor-element-populated\">\n\t\t\t\t\t\t<div class=\"elementor-element elementor-element-cc7951c elementor-widget elementor-widget-heading\" data-id=\"cc7951c\" data-element_type=\"widget\" data-e-type=\"widget\" data-widget_type=\"heading.default\">\n\t\t\t\t<div class=\"elementor-widget-container\">\n\t\t\t\t\t<h5 class=\"elementor-heading-title elementor-size-default\">F\u00fcr Mathe - Informatik - Naturwissenschaften - Technik begeistern<\/h5>\t\t\t\t<\/div>\n\t\t\t\t<\/div>\n\t\t\t\t\t<\/div>\n\t\t<\/div>\n\t\t\t\t\t<\/div>\n\t\t<\/section>\n\t\t\t\t<section class=\"elementor-section elementor-top-section elementor-element elementor-element-b17b891 elementor-section-boxed elementor-section-height-default elementor-section-height-default\" data-id=\"b17b891\" data-element_type=\"section\" data-e-type=\"section\">\n\t\t\t\t\t\t<div class=\"elementor-container elementor-column-gap-default\">\n\t\t\t\t\t<div class=\"elementor-column elementor-col-50 elementor-top-column elementor-element elementor-element-88e0d16\" data-id=\"88e0d16\" data-element_type=\"column\" data-e-type=\"column\">\n\t\t\t<div class=\"elementor-widget-wrap elementor-element-populated\">\n\t\t\t\t\t\t<div class=\"elementor-element elementor-element-ed9e8f9 elementor-widget elementor-widget-text-editor\" data-id=\"ed9e8f9\" data-element_type=\"widget\" data-e-type=\"widget\" data-widget_type=\"text-editor.default\">\n\t\t\t\t<div class=\"elementor-widget-container\">\n\t\t\t\t\t\t\t\t\t<p>Um bereits Kinder und Jugendliche f\u00fcr mathematische, informatikorientierte, naturwissenschaftliche und technische (MINT) Themen zu begeistern, wurden bereits einige Veranstaltungen durchgef\u00fchrt und Projekte durchgef\u00fchrt:<\/p><ul><li>erfolgreicher Abschluss des Projektes <a href=\"https:\/\/www.smart-rail-campus.de\/?p=6294\">&#8222;Vision-MINT:mobil&#8220;<\/a> im Rahmen der Fachkr\u00e4fteallianz des Erzgebirges zur Konzeption von Formaten zur Schaffung von MINT-Begeisterung<\/li><li>Vortrag bei der Kinder-Uni in Annaberg-Buchholz<\/li><li>Veranstaltungen des VDIni-Club in Annaberg-Buchholz<\/li><li>PublicDay4Kids mit Kinder-Uni-Vortr\u00e4gen, Experimenten und Ausstellungen im Rahmen der Digital Rail Convention<\/li><li>Projekttage<\/li><li>Robotorl\u00e4fer-Rennen in Zusammenarbeit mit der Stadtbibliothek Annaberg-Buchholz<\/li><li>SRCC-Kinderbotschafter: <a href=\"https:\/\/youtu.be\/OoD6cn3XnO4?si=pSPNJ83FglirCJPU\">Videobotschaften &#8211; Kinder erkl\u00e4ren den SRCC<\/a><\/li><\/ul>\t\t\t\t\t\t\t\t<\/div>\n\t\t\t\t<\/div>\n\t\t\t\t\t<\/div>\n\t\t<\/div>\n\t\t\t\t<div class=\"elementor-column elementor-col-50 elementor-top-column elementor-element elementor-element-7dadfa3\" data-id=\"7dadfa3\" data-element_type=\"column\" data-e-type=\"column\">\n\t\t\t<div class=\"elementor-widget-wrap elementor-element-populated\">\n\t\t\t\t\t\t<div class=\"elementor-element elementor-element-6d653c2 elementor-widget__width-initial elementor-arrows-position-inside elementor-pagination-position-outside elementor-widget elementor-widget-image-carousel\" data-id=\"6d653c2\" data-element_type=\"widget\" data-e-type=\"widget\" data-settings=\"{&quot;slides_to_show&quot;:&quot;1&quot;,&quot;autoplay&quot;:&quot;no&quot;,&quot;navigation&quot;:&quot;both&quot;,&quot;infinite&quot;:&quot;yes&quot;,&quot;effect&quot;:&quot;slide&quot;,&quot;speed&quot;:500}\" data-widget_type=\"image-carousel.default\">\n\t\t\t\t<div class=\"elementor-widget-container\">\n\t\t\t\t\t\t\t<div class=\"elementor-image-carousel-wrapper swiper\" role=\"region\" aria-roledescription=\"carousel\" aria-label=\"Bild Karussell\" dir=\"ltr\">\n\t\t\t<div class=\"elementor-image-carousel swiper-wrapper\" aria-live=\"polite\">\n\t\t\t\t\t\t\t\t<div class=\"swiper-slide\" role=\"group\" aria-roledescription=\"slide\" aria-label=\"1 von 5\"><figure class=\"swiper-slide-inner\"><img decoding=\"async\" class=\"swiper-slide-image\" src=\"https:\/\/www.smart-rail-campus.de\/wp-content\/uploads\/2024\/03\/Vimimo-Abschluss-912x600.jpg\" alt=\"Abschlussworkshop zum Projekt Vision-MINT:mobil\" \/><figcaption class=\"elementor-image-carousel-caption\">Abschlussworkshop zum Projekt Vision-MINT:mobil<\/figcaption><\/figure><\/div><div class=\"swiper-slide\" role=\"group\" aria-roledescription=\"slide\" aria-label=\"2 von 5\"><figure class=\"swiper-slide-inner\"><img decoding=\"async\" class=\"swiper-slide-image\" src=\"https:\/\/www.smart-rail-campus.de\/wp-content\/uploads\/2023\/12\/komprimiert_DSC1094-1600x600.jpg\" alt=\"VDIni-Club: Nikolausfahrt\nKurz vor dem Start - alle Kinder, Eltern und Gro\u00dfeltern freuen sich auf die Veranstaltung.\" \/><figcaption class=\"elementor-image-carousel-caption\">VDIni-Club: Nikolausfahrt\nKurz vor dem Start - alle Kinder, Eltern und Gro\u00dfeltern freuen sich auf die Veranstaltung.<\/figcaption><\/figure><\/div><div class=\"swiper-slide\" role=\"group\" aria-roledescription=\"slide\" aria-label=\"3 von 5\"><figure class=\"swiper-slide-inner\"><img decoding=\"async\" class=\"swiper-slide-image\" src=\"https:\/\/www.smart-rail-campus.de\/wp-content\/uploads\/2023\/09\/DSC0182_komprimiert-1600x600.jpg\" alt=\"Public Day 2023 (Foto: SRCC)\" \/><figcaption class=\"elementor-image-carousel-caption\">Public Day 2023 (Foto: SRCC)<\/figcaption><\/figure><\/div><div class=\"swiper-slide\" role=\"group\" aria-roledescription=\"slide\" aria-label=\"4 von 5\"><figure class=\"swiper-slide-inner\"><img decoding=\"async\" class=\"swiper-slide-image\" src=\"https:\/\/www.smart-rail-campus.de\/wp-content\/uploads\/2022\/10\/KInderbotschafter-1-1600x600.jpg\" alt=\"SRCC-Kinderbotschafter bei der Premierevorstellung ihrer Videobotschaften zum SRCC\" \/><figcaption class=\"elementor-image-carousel-caption\">SRCC-Kinderbotschafter bei der Premierevorstellung ihrer Videobotschaften zum SRCC<\/figcaption><\/figure><\/div><div class=\"swiper-slide\" role=\"group\" aria-roledescription=\"slide\" aria-label=\"5 von 5\"><figure class=\"swiper-slide-inner\"><img decoding=\"async\" class=\"swiper-slide-image\" src=\"https:\/\/www.smart-rail-campus.de\/wp-content\/uploads\/2025\/09\/DRC_VR_@SRCC-1600x600.jpg\" alt=\"PublicDay4Kids 2025\" \/><figcaption class=\"elementor-image-carousel-caption\">PublicDay4Kids 2025<\/figcaption><\/figure><\/div>\t\t\t<\/div>\n\t\t\t\t\t\t\t\t\t\t\t\t<div class=\"elementor-swiper-button elementor-swiper-button-prev\" role=\"button\" tabindex=\"0\">\n\t\t\t\t\t\t<i aria-hidden=\"true\" class=\"eicon-chevron-left\"><\/i>\t\t\t\t\t<\/div>\n\t\t\t\t\t<div class=\"elementor-swiper-button elementor-swiper-button-next\" role=\"button\" tabindex=\"0\">\n\t\t\t\t\t\t<i aria-hidden=\"true\" class=\"eicon-chevron-right\"><\/i>\t\t\t\t\t<\/div>\n\t\t\t\t\n\t\t\t\t\t\t\t\t\t<div class=\"swiper-pagination\"><\/div>\n\t\t\t\t\t\t\t\t\t<\/div>\n\t\t\t\t\t\t<\/div>\n\t\t\t\t<\/div>\n\t\t\t\t\t<\/div>\n\t\t<\/div>\n\t\t\t\t\t<\/div>\n\t\t<\/section>\n\t\t\t\t<section class=\"elementor-section elementor-top-section elementor-element elementor-element-cb8ae60 elementor-section-boxed elementor-section-height-default elementor-section-height-default\" data-id=\"cb8ae60\" data-element_type=\"section\" data-e-type=\"section\">\n\t\t\t\t\t\t<div class=\"elementor-container elementor-column-gap-default\">\n\t\t\t\t\t<div class=\"elementor-column elementor-col-100 elementor-top-column elementor-element elementor-element-a6bb65c\" data-id=\"a6bb65c\" data-element_type=\"column\" data-e-type=\"column\">\n\t\t\t<div class=\"elementor-widget-wrap elementor-element-populated\">\n\t\t\t\t\t\t<div class=\"elementor-element elementor-element-0fbe8a2 elementor-widget elementor-widget-heading\" data-id=\"0fbe8a2\" data-element_type=\"widget\" data-e-type=\"widget\" data-widget_type=\"heading.default\">\n\t\t\t\t<div class=\"elementor-widget-container\">\n\t\t\t\t\t<h5 class=\"elementor-heading-title elementor-size-default\">Integration in bestehende Lehrangebote an der TU Chemnitz, Entwicklung neuer Studienangebote und Zertifikatskurse<\/h5>\t\t\t\t<\/div>\n\t\t\t\t<\/div>\n\t\t\t\t\t<\/div>\n\t\t<\/div>\n\t\t\t\t\t<\/div>\n\t\t<\/section>\n\t\t\t\t<section class=\"elementor-section elementor-top-section elementor-element elementor-element-73f5cb9 elementor-section-boxed elementor-section-height-default elementor-section-height-default\" data-id=\"73f5cb9\" data-element_type=\"section\" data-e-type=\"section\">\n\t\t\t\t\t\t<div class=\"elementor-container elementor-column-gap-default\">\n\t\t\t\t\t<div class=\"elementor-column elementor-col-100 elementor-top-column elementor-element elementor-element-f73b35e\" data-id=\"f73b35e\" data-element_type=\"column\" data-e-type=\"column\">\n\t\t\t<div class=\"elementor-widget-wrap elementor-element-populated\">\n\t\t\t\t\t\t<div class=\"elementor-element elementor-element-540331f elementor-widget elementor-widget-text-editor\" data-id=\"540331f\" data-element_type=\"widget\" data-e-type=\"widget\" data-widget_type=\"text-editor.default\">\n\t\t\t\t<div class=\"elementor-widget-container\">\n\t\t\t\t\t\t\t\t\t<p>Im WIR!-Projekt <a href=\"https:\/\/www.smart-rail-campus.de\/?p=6032\">(Weiter-)Bildungsangebote f\u00fcr den Bahnsktor (Education4Rail)<\/a> erabreiten die TU Chemnitz, der SRCC e. V. und die Neovendi GmbH gemeinsam sowohl Formate f\u00fcr die MINT-Begeisterung als auch attraktive Bildungs- und Weiterbildungsangebote.<\/p><p>An der <strong>TU Chemnitz<\/strong> werden seither in <strong>bestehende Lehrangebote<\/strong> SRCC-spezifische Themen integriert, so bespielsweise in Vorlesungen, Praktika, Fallstudien, Projektarbeiten, Planspiele sowie Bachelor-\/Masterarbeiten. Darauf aufbauend sollen auch neue Studienangebote, wie grundst\u00e4ndige und berufsbegleitende Bachelor- und Masterstudieng\u00e4nge gschaffen werden.<\/p><p>Des Weiteren wurde mit der Unterzeichnung des Kooperationsvertrags mit der DB InfraGO (ehemals DB Netz) zur Entwicklung von Weiterbildungsformaten in Form von Zertifikatskursen im Bahnsektor zur Digital Rail Convention 2023 ein weiterer Meilenstein gelegt.<\/p><p>Ein erster <strong>Zertifikatskurs <\/strong><a href=\"https:\/\/www.smart-rail-campus.de\/?p=5033\">&#8222;Grundlagen des Bahnbetriebs<\/a>&#8220; wurde im Juli 2024 in Kooperation mit der DB InfraGO AG sowie der DB RegioNetz Erzgebirgsbahn bereits erfolgreich durchgef\u00fchrt.\u00a0<\/p><p>Daneben gibt es bereits eine Absichtserkl\u00e4rung der DB InfraGO zur Anmietung von 1.000 qm im Geb\u00e4ude des Unteren Bahnhofs in Annaberg-Buchholz als Schulungszentrum.<\/p>\t\t\t\t\t\t\t\t<\/div>\n\t\t\t\t<\/div>\n\t\t\t\t\t<\/div>\n\t\t<\/div>\n\t\t\t\t\t<\/div>\n\t\t<\/section>\n\t\t\t\t<\/div>\n\t\t","protected":false},"excerpt":{"rendered":"<p>Aktivit\u00e4ten im Bereich der Bildung, Weiterbildung und MINT-Begeisterung Der SRCC als Gesamtvorhaben strebt mit verschiedenen Aktivit\u00e4ten an, dem bereits existierenden Fachkr\u00e4ftemangel sowohl im Bahnsektor als auch in der Region Chemnitz-Erzgebirge entgegenzutreten. Hierf\u00fcr werden die drei Str\u00e4nge &#8222;Bildung&#8220;, &#8222;Weiterbildung&#8220; und &#8222;MINT-Begeisterung bei Kindern und Jugendlichen&#8220; verfolgt. Beginnend bei der Schule, \u00fcber das Studium hinweg bis hin [&hellip;]<\/p>\n","protected":false},"author":1,"featured_media":0,"parent":0,"menu_order":0,"comment_status":"closed","ping_status":"closed","template":"","meta":{"footnotes":""},"class_list":["post-3855","page","type-page","status-publish","hentry","post"],"_links":{"self":[{"href":"https:\/\/www.smart-rail-campus.de\/index.php?rest_route=\/wp\/v2\/pages\/3855","targetHints":{"allow":["GET"]}}],"collection":[{"href":"https:\/\/www.smart-rail-campus.de\/index.php?rest_route=\/wp\/v2\/pages"}],"about":[{"href":"https:\/\/www.smart-rail-campus.de\/index.php?rest_route=\/wp\/v2\/types\/page"}],"author":[{"embeddable":true,"href":"https:\/\/www.smart-rail-campus.de\/index.php?rest_route=\/wp\/v2\/users\/1"}],"replies":[{"embeddable":true,"href":"https:\/\/www.smart-rail-campus.de\/index.php?rest_route=%2Fwp%2Fv2%2Fcomments&post=3855"}],"version-history":[{"count":60,"href":"https:\/\/www.smart-rail-campus.de\/index.php?rest_route=\/wp\/v2\/pages\/3855\/revisions"}],"predecessor-version":[{"id":7487,"href":"https:\/\/www.smart-rail-campus.de\/index.php?rest_route=\/wp\/v2\/pages\/3855\/revisions\/7487"}],"wp:attachment":[{"href":"https:\/\/www.smart-rail-campus.de\/index.php?rest_route=%2Fwp%2Fv2%2Fmedia&parent=3855"}],"curies":[{"name":"wp","href":"https:\/\/api.w.org\/{rel}","templated":true}]}}