{"id":3955,"date":"2024-03-07T17:43:25","date_gmt":"2024-03-07T16:43:25","guid":{"rendered":"https:\/\/www.smart-rail-campus.de\/?page_id=3955"},"modified":"2025-02-04T08:11:11","modified_gmt":"2025-02-04T07:11:11","slug":"infrastrultur-neu","status":"publish","type":"page","link":"https:\/\/www.smart-rail-campus.de\/?page_id=3955","title":{"rendered":"\u00dcberblick"},"content":{"rendered":"\t\t<div data-elementor-type=\"wp-page\" data-elementor-id=\"3955\" class=\"elementor elementor-3955\">\n\t\t\t\t\t\t<section class=\"elementor-section elementor-top-section elementor-element elementor-element-0578713 elementor-section-boxed elementor-section-height-default elementor-section-height-default\" data-id=\"0578713\" data-element_type=\"section\" data-e-type=\"section\">\n\t\t\t\t\t\t<div class=\"elementor-container elementor-column-gap-default\">\n\t\t\t\t\t<div class=\"elementor-column elementor-col-100 elementor-top-column elementor-element elementor-element-e21d0cf\" data-id=\"e21d0cf\" data-element_type=\"column\" data-e-type=\"column\">\n\t\t\t<div class=\"elementor-widget-wrap elementor-element-populated\">\n\t\t\t\t\t\t<div class=\"elementor-element elementor-element-4a03ee0 elementor-widget elementor-widget-text-editor\" data-id=\"4a03ee0\" data-element_type=\"widget\" data-e-type=\"widget\" data-widget_type=\"text-editor.default\">\n\t\t\t\t<div class=\"elementor-widget-container\">\n\t\t\t\t\t\t\t\t\t<p>Im Erzgebirge befindet sich eine f\u00fcr den Schienenverkehr einzigartige Forschungsinfrastruktur. Dazu z\u00e4hlen unter anderem:\u00a0<\/p><ul><li>\u200beine topografisch und klimatisch sehr anspruchsvolle <strong>Teststrecke<\/strong> von Annaberg-Buchholz nach Schwarzenberg ohne Regelbetrieb (betrieben durch die DB RegioNetz Erzgebirgsbahn)<\/li><li>eine der <strong>modernsten 5G-Infrastrukturen<\/strong> entlang der 25 Kilometer langen Strecke bestehend aus \u00f6ffentlichen und privaten Netzen (gef\u00f6rdert durch das Bundesministerium f\u00fcr Digitales und Verkehr, ausgestattet durch Vodafone im Auftrag der Technischen Universit\u00e4t Chemnitz f\u00fcr den Smart Rail Connectivity Campus) mit direkt angeschlossenem Rechencluster f\u00fcr geringe Latenzen<\/li><li>das <strong>Mobilfunk-Versuchsnetz <\/strong>der DB InfraGo AG &#8211; <strong>Digitale Schiene Deutschland<\/strong> &#8211; im Digitalen Testfeld Bahn f\u00fcr die Erprobung des k\u00fcnftigen bahnbetrieblichen Funksystems FRMCS \u2013zwischen Markersbach und Scheibenberg<\/li><li>ein auf die digitale Leit- und Sicherungstechnik fokussierter <strong>Erprobungsstandort<\/strong> der DB InfraGo AG &#8211; <strong>Digitale Schiene Deutschland<\/strong> &#8211; in Scheibenberg\u00a0<\/li><li>die erste <strong>50-Hz-Nachladestation f\u00fcr batterieelektrische Z\u00fcge<\/strong> auf Basis eines Symmetrierumrichters am Bahnhof Annaberg-Buchholz S\u00fcd <\/li><li><strong>Glasfaservernetzung<\/strong> entlang der Strecke Annaberg-Buchholz nach Schwarzenberg realisiert in einer Public Private Partnership\u00a0<\/li><li>das <b>Campusgeb\u00e4ude<\/b> der Stadt Annaberg-Buchholz mit B\u00fcro-, Workshop- und Kreativr\u00e4umen sowie Laborfl\u00e4chen im sanierten n\u00f6rdlichen Kopfbau des Unteren Bahnhofs<\/li><\/ul><p>In Vorbereitung:<\/p><ul><li>ein zum <strong>Forschungszug der TU Chemnitz<\/strong> umger\u00fcsteter Nahverkehrs-Triebzug der Baureihe VT 642 (Desiro) in Betreiberschaft der Erzgebirgsbahn\u00a0 mit diversen Sensoren und Kommunikationstechnik<\/li><li>eine <strong>Forschungshalle<\/strong> <strong>der TU Chemnitz<\/strong> in Annaberg-Buchholz am Unteren Bahnhof z. B. zur Durchf\u00fchrung von Forschungsaktivit\u00e4ten am Forschungszug<span style=\"color: #ff0000;\"><br \/><\/span><\/li><li>ein <strong>Trainingszentrum<\/strong> der DB Infra Go im <strong>Mittelbau<\/strong> des Bahnhofsgeb\u00e4udes der Stadt Annaberg-Buchholz am Unteren Bahnhof<\/li><\/ul>\t\t\t\t\t\t\t\t<\/div>\n\t\t\t\t<\/div>\n\t\t\t\t\t<\/div>\n\t\t<\/div>\n\t\t\t\t\t<\/div>\n\t\t<\/section>\n\t\t\t\t<section class=\"elementor-section elementor-top-section elementor-element elementor-element-c9ce84a elementor-section-boxed elementor-section-height-default elementor-section-height-default\" data-id=\"c9ce84a\" data-element_type=\"section\" data-e-type=\"section\">\n\t\t\t\t\t\t<div class=\"elementor-container elementor-column-gap-default\">\n\t\t\t\t\t<div class=\"elementor-column elementor-col-100 elementor-top-column elementor-element elementor-element-554a364\" data-id=\"554a364\" data-element_type=\"column\" data-e-type=\"column\">\n\t\t\t<div class=\"elementor-widget-wrap elementor-element-populated\">\n\t\t\t\t\t\t<div class=\"elementor-element elementor-element-00da539 elementor-arrows-position-inside elementor-pagination-position-outside elementor-widget elementor-widget-image-carousel\" data-id=\"00da539\" data-element_type=\"widget\" data-e-type=\"widget\" data-settings=\"{&quot;slides_to_show&quot;:&quot;1&quot;,&quot;navigation&quot;:&quot;both&quot;,&quot;autoplay&quot;:&quot;yes&quot;,&quot;pause_on_hover&quot;:&quot;yes&quot;,&quot;pause_on_interaction&quot;:&quot;yes&quot;,&quot;autoplay_speed&quot;:5000,&quot;infinite&quot;:&quot;yes&quot;,&quot;effect&quot;:&quot;slide&quot;,&quot;speed&quot;:500}\" data-widget_type=\"image-carousel.default\">\n\t\t\t\t<div class=\"elementor-widget-container\">\n\t\t\t\t\t\t\t<div class=\"elementor-image-carousel-wrapper swiper\" role=\"region\" aria-roledescription=\"carousel\" aria-label=\"Bild Karussell\" dir=\"ltr\">\n\t\t\t<div class=\"elementor-image-carousel swiper-wrapper\" aria-live=\"off\">\n\t\t\t\t\t\t\t\t<div class=\"swiper-slide\" role=\"group\" aria-roledescription=\"slide\" aria-label=\"1 von 4\"><figure class=\"swiper-slide-inner\"><img decoding=\"async\" class=\"swiper-slide-image\" src=\"https:\/\/www.smart-rail-campus.de\/wp-content\/uploads\/2023\/06\/komprimiert-IMG_20230508_105338-768x576.jpg\" alt=\"N\u00f6rderlicher Kopfbau des Campusgeb\u00e4ude am Unteren Bahnhof in Annaberg-Buchholz\" \/><figcaption class=\"elementor-image-carousel-caption\">N\u00f6rderlicher Kopfbau des Campusgeb\u00e4ude am Unteren Bahnhof in Annaberg-Buchholz<\/figcaption><\/figure><\/div><div class=\"swiper-slide\" role=\"group\" aria-roledescription=\"slide\" aria-label=\"2 von 4\"><figure class=\"swiper-slide-inner\"><img decoding=\"async\" class=\"swiper-slide-image\" src=\"https:\/\/www.smart-rail-campus.de\/wp-content\/uploads\/2024\/02\/Buzzerdruck-768x474.jpg\" alt=\"5G-Er\u00f6ffnung am 08.02.2024\" \/><figcaption class=\"elementor-image-carousel-caption\">5G-Er\u00f6ffnung am 08.02.2024<\/figcaption><\/figure><\/div><div class=\"swiper-slide\" role=\"group\" aria-roledescription=\"slide\" aria-label=\"3 von 4\"><figure class=\"swiper-slide-inner\"><img decoding=\"async\" class=\"swiper-slide-image\" src=\"https:\/\/www.smart-rail-campus.de\/wp-content\/uploads\/2025\/01\/DB_Energie_ML_Ladestation_komprimiert-768x512.jpg\" alt=\"50-Hz-Ladestation (Bild: Max Lautenschl\u00e4ger\/DB Energie)\" \/><figcaption class=\"elementor-image-carousel-caption\">50-Hz-Ladestation (Bild: Max Lautenschl\u00e4ger\/DB Energie)<\/figcaption><\/figure><\/div><div class=\"swiper-slide\" role=\"group\" aria-roledescription=\"slide\" aria-label=\"4 von 4\"><figure class=\"swiper-slide-inner\"><img decoding=\"async\" class=\"swiper-slide-image\" src=\"https:\/\/www.smart-rail-campus.de\/wp-content\/uploads\/2025\/01\/Markersbacher-Viadukt_SRCC_Hans-Guenther-768x512.jpg\" alt=\"Strecke - Markersbacher Viadukt\" \/><figcaption class=\"elementor-image-carousel-caption\">Strecke - Markersbacher Viadukt<\/figcaption><\/figure><\/div>\t\t\t<\/div>\n\t\t\t\t\t\t\t\t\t\t\t\t<div class=\"elementor-swiper-button elementor-swiper-button-prev\" role=\"button\" tabindex=\"0\">\n\t\t\t\t\t\t<i aria-hidden=\"true\" class=\"eicon-chevron-left\"><\/i>\t\t\t\t\t<\/div>\n\t\t\t\t\t<div class=\"elementor-swiper-button elementor-swiper-button-next\" role=\"button\" tabindex=\"0\">\n\t\t\t\t\t\t<i aria-hidden=\"true\" class=\"eicon-chevron-right\"><\/i>\t\t\t\t\t<\/div>\n\t\t\t\t\n\t\t\t\t\t\t\t\t\t<div class=\"swiper-pagination\"><\/div>\n\t\t\t\t\t\t\t\t\t<\/div>\n\t\t\t\t\t\t<\/div>\n\t\t\t\t<\/div>\n\t\t\t\t\t<\/div>\n\t\t<\/div>\n\t\t\t\t\t<\/div>\n\t\t<\/section>\n\t\t\t\t<\/div>\n\t\t","protected":false},"excerpt":{"rendered":"<p>Im Erzgebirge befindet sich eine f\u00fcr den Schienenverkehr einzigartige Forschungsinfrastruktur. Dazu z\u00e4hlen unter anderem:\u00a0 \u200beine topografisch und klimatisch sehr anspruchsvolle Teststrecke von Annaberg-Buchholz nach Schwarzenberg ohne Regelbetrieb (betrieben durch die DB RegioNetz Erzgebirgsbahn) eine der modernsten 5G-Infrastrukturen entlang der 25 Kilometer langen Strecke bestehend aus \u00f6ffentlichen und privaten Netzen (gef\u00f6rdert durch das Bundesministerium f\u00fcr Digitales [&hellip;]<\/p>\n","protected":false},"author":4,"featured_media":0,"parent":0,"menu_order":0,"comment_status":"closed","ping_status":"closed","template":"","meta":{"footnotes":""},"class_list":["post-3955","page","type-page","status-publish","hentry","post"],"_links":{"self":[{"href":"https:\/\/www.smart-rail-campus.de\/index.php?rest_route=\/wp\/v2\/pages\/3955","targetHints":{"allow":["GET"]}}],"collection":[{"href":"https:\/\/www.smart-rail-campus.de\/index.php?rest_route=\/wp\/v2\/pages"}],"about":[{"href":"https:\/\/www.smart-rail-campus.de\/index.php?rest_route=\/wp\/v2\/types\/page"}],"author":[{"embeddable":true,"href":"https:\/\/www.smart-rail-campus.de\/index.php?rest_route=\/wp\/v2\/users\/4"}],"replies":[{"embeddable":true,"href":"https:\/\/www.smart-rail-campus.de\/index.php?rest_route=%2Fwp%2Fv2%2Fcomments&post=3955"}],"version-history":[{"count":30,"href":"https:\/\/www.smart-rail-campus.de\/index.php?rest_route=\/wp\/v2\/pages\/3955\/revisions"}],"predecessor-version":[{"id":6547,"href":"https:\/\/www.smart-rail-campus.de\/index.php?rest_route=\/wp\/v2\/pages\/3955\/revisions\/6547"}],"wp:attachment":[{"href":"https:\/\/www.smart-rail-campus.de\/index.php?rest_route=%2Fwp%2Fv2%2Fmedia&parent=3955"}],"curies":[{"name":"wp","href":"https:\/\/api.w.org\/{rel}","templated":true}]}}