{"id":4883,"date":"2024-06-18T17:03:11","date_gmt":"2024-06-18T15:03:11","guid":{"rendered":"https:\/\/www.smart-rail-campus.de\/?page_id=4883"},"modified":"2026-05-04T12:23:28","modified_gmt":"2026-05-04T10:23:28","slug":"sommerfest-07-08-2024","status":"publish","type":"page","link":"https:\/\/www.smart-rail-campus.de\/?page_id=4883","title":{"rendered":"SRCC-Netzwerktreffen \u2013 10.06.2026"},"content":{"rendered":"\t\t<div data-elementor-type=\"wp-page\" data-elementor-id=\"4883\" class=\"elementor elementor-4883\">\n\t\t\t\t\t\t<section class=\"elementor-section elementor-top-section elementor-element elementor-element-4211e30 elementor-section-boxed elementor-section-height-default elementor-section-height-default\" data-id=\"4211e30\" data-element_type=\"section\" data-e-type=\"section\">\n\t\t\t\t\t\t<div class=\"elementor-container elementor-column-gap-default\">\n\t\t\t\t\t<div class=\"elementor-column elementor-col-50 elementor-top-column elementor-element elementor-element-16bc281\" data-id=\"16bc281\" data-element_type=\"column\" data-e-type=\"column\">\n\t\t\t<div class=\"elementor-widget-wrap elementor-element-populated\">\n\t\t\t\t\t\t<div class=\"elementor-element elementor-element-6d4c178 elementor-widget__width-initial elementor-widget elementor-widget-image\" data-id=\"6d4c178\" data-element_type=\"widget\" data-e-type=\"widget\" data-widget_type=\"image.default\">\n\t\t\t\t<div class=\"elementor-widget-container\">\n\t\t\t\t\t\t\t\t\t\t\t\t\t\t\t<img fetchpriority=\"high\" decoding=\"async\" width=\"720\" height=\"481\" src=\"https:\/\/www.smart-rail-campus.de\/wp-content\/uploads\/2024\/02\/wir-logo_600x400.jpg\" class=\"attachment-large size-large wp-image-3483\" alt=\"\" srcset=\"https:\/\/www.smart-rail-campus.de\/wp-content\/uploads\/2024\/02\/wir-logo_600x400.jpg 866w, https:\/\/www.smart-rail-campus.de\/wp-content\/uploads\/2024\/02\/wir-logo_600x400-300x200.jpg 300w, https:\/\/www.smart-rail-campus.de\/wp-content\/uploads\/2024\/02\/wir-logo_600x400-768x513.jpg 768w, https:\/\/www.smart-rail-campus.de\/wp-content\/uploads\/2024\/02\/wir-logo_600x400-272x182.jpg 272w\" sizes=\"(max-width: 720px) 100vw, 720px\" \/>\t\t\t\t\t\t\t\t\t\t\t\t\t\t\t<\/div>\n\t\t\t\t<\/div>\n\t\t\t\t\t<\/div>\n\t\t<\/div>\n\t\t\t\t<div class=\"elementor-column elementor-col-50 elementor-top-column elementor-element elementor-element-2af06f1\" data-id=\"2af06f1\" data-element_type=\"column\" data-e-type=\"column\">\n\t\t\t<div class=\"elementor-widget-wrap elementor-element-populated\">\n\t\t\t\t\t\t<div class=\"elementor-element elementor-element-abb827e elementor-widget elementor-widget-image\" data-id=\"abb827e\" data-element_type=\"widget\" data-e-type=\"widget\" data-widget_type=\"image.default\">\n\t\t\t\t<div class=\"elementor-widget-container\">\n\t\t\t\t\t\t\t\t\t\t\t\t\t\t\t<img decoding=\"async\" width=\"720\" height=\"400\" src=\"https:\/\/www.smart-rail-campus.de\/wp-content\/uploads\/2025\/04\/IMG_2561-rotated-e1777875169798-1024x569.jpeg\" class=\"attachment-large size-large wp-image-6767\" alt=\"\" srcset=\"https:\/\/www.smart-rail-campus.de\/wp-content\/uploads\/2025\/04\/IMG_2561-rotated-e1777875169798-1024x569.jpeg 1024w, https:\/\/www.smart-rail-campus.de\/wp-content\/uploads\/2025\/04\/IMG_2561-rotated-e1777875169798-300x167.jpeg 300w, https:\/\/www.smart-rail-campus.de\/wp-content\/uploads\/2025\/04\/IMG_2561-rotated-e1777875169798-768x427.jpeg 768w, https:\/\/www.smart-rail-campus.de\/wp-content\/uploads\/2025\/04\/IMG_2561-rotated-e1777875169798.jpeg 1470w\" sizes=\"(max-width: 720px) 100vw, 720px\" \/>\t\t\t\t\t\t\t\t\t\t\t\t\t\t\t<\/div>\n\t\t\t\t<\/div>\n\t\t\t\t\t<\/div>\n\t\t<\/div>\n\t\t\t\t\t<\/div>\n\t\t<\/section>\n\t\t\t\t<section class=\"elementor-section elementor-top-section elementor-element elementor-element-106657a elementor-section-boxed elementor-section-height-default elementor-section-height-default\" data-id=\"106657a\" data-element_type=\"section\" data-e-type=\"section\">\n\t\t\t\t\t\t<div class=\"elementor-container elementor-column-gap-default\">\n\t\t\t\t\t<div class=\"elementor-column elementor-col-100 elementor-top-column elementor-element elementor-element-fadc22b\" data-id=\"fadc22b\" data-element_type=\"column\" data-e-type=\"column\">\n\t\t\t<div class=\"elementor-widget-wrap elementor-element-populated\">\n\t\t\t\t\t\t<div class=\"elementor-element elementor-element-db58898 elementor-widget__width-initial elementor-widget elementor-widget-text-editor\" data-id=\"db58898\" data-element_type=\"widget\" data-e-type=\"widget\" data-widget_type=\"text-editor.default\">\n\t\t\t\t<div class=\"elementor-widget-container\">\n\t\t\t\t\t\t\t\t\t<p>Alle<strong> Vereinsmitglieder, Netzwerkpartner und Interessenten aufgepasst:<\/strong><\/p><p>Der SRCC veranstaltet am <strong>10.06.2026<\/strong> ab 17:00 Uhr ein<strong>\u00a0Netzwerktreffen<\/strong> am <strong>Forschungscampus am Unteren Bahnhof in Annaberg-Buchholz <\/strong>(Bahnhofsplatz 1, 09456 Annaberg-Buchholz).<\/p><p><span data-contrast=\"auto\">Das B\u00fcndnis &#8222;Smart Rail Connectivity Campus&#8220; ist eines von 20 B\u00fcndnissen, die seit dem 01.04.2019 im Programm &#8222;WIR! \u2013 Wandel durch Innovation in der Region&#8220; des Bundesministeriums f\u00fcr Forschung, Technologie und Raumfahrt in der Umsetzungsphase gef\u00f6rdert werden.<\/span><span data-ccp-props=\"{&quot;201341983&quot;:0,&quot;335551550&quot;:6,&quot;335551620&quot;:6,&quot;335559739&quot;:120,&quot;335559740&quot;:240}\">\u00a0<\/span><\/p><p><span data-contrast=\"auto\">Im Rahmen des WIR!-Programms wurden und werden zahlreiche Forschungs- und Entwicklungsprojekte gef\u00f6rdert, die durch Professuren der TU Chemnitz in Kooperation mit regionalen und \u00fcberregionalen Forschungseinrichtungen und Unternehmen durchgef\u00fchrt werden.<\/span><span data-ccp-props=\"{&quot;201341983&quot;:0,&quot;335551550&quot;:6,&quot;335551620&quot;:6,&quot;335559739&quot;:120,&quot;335559740&quot;:240}\">\u00a0<\/span><\/p><p><span data-contrast=\"auto\">Als Abschluss f\u00fcr die am Ende des Jahres 2026 auslaufende WIR!-F\u00f6rderphase sollen die abgeschlossenen und laufenden WIR!-Projekte in den Mittelpunkt ger\u00fcckt und gezeigt werden, was in den letzten Jahren erreicht wurde.<\/span><span data-ccp-props=\"{&quot;201341983&quot;:0,&quot;335551550&quot;:6,&quot;335551620&quot;:6,&quot;335559739&quot;:120,&quot;335559740&quot;:240}\">\u00a0<\/span><\/p><p>Ab 17 Uhr haben Sie die M\u00f6glichkeit, bei einem <span data-contrast=\"auto\">Rundgang durch eine Ausstellung zu den \u00fcber 20 WIR!-Projekten intensive Einblicke in die Forschungsaktivit\u00e4ten zu erlangen. Im Anschluss erwartet Sie ein gemeinsamer Austausch und\u00a0 ausreichend Zeit zur Vernetzung beim <\/span><span data-contrast=\"auto\">Get Together<\/span><\/p>\t\t\t\t\t\t\t\t<\/div>\n\t\t\t\t<\/div>\n\t\t\t\t\t<\/div>\n\t\t<\/div>\n\t\t\t\t\t<\/div>\n\t\t<\/section>\n\t\t\t\t<section class=\"elementor-section elementor-top-section elementor-element elementor-element-1433900 elementor-section-boxed elementor-section-height-default elementor-section-height-default\" data-id=\"1433900\" data-element_type=\"section\" data-e-type=\"section\">\n\t\t\t\t\t\t<div class=\"elementor-container elementor-column-gap-default\">\n\t\t\t\t\t<div class=\"elementor-column elementor-col-100 elementor-top-column elementor-element elementor-element-1e8e9bb\" data-id=\"1e8e9bb\" data-element_type=\"column\" data-e-type=\"column\">\n\t\t\t<div class=\"elementor-widget-wrap elementor-element-populated\">\n\t\t\t\t\t\t<div class=\"elementor-element elementor-element-2770c98 elementor-widget elementor-widget-text-editor\" data-id=\"2770c98\" data-element_type=\"widget\" data-e-type=\"widget\" data-widget_type=\"text-editor.default\">\n\t\t\t\t<div class=\"elementor-widget-container\">\n\t\t\t\t\t\t\t\t\t<p>Die Teilnahme am Netzwerktreffen und Get Together ist f\u00fcr <span style=\"text-decoration: underline;\">unsere Mitglieder des SRCC e. V.<\/span> kostenlos*.<\/p><p>F\u00fcr <span style=\"text-decoration: underline;\">Nicht-Vereinsmitglieder<\/span> erheben wir eine kleine Teilnahmegeb\u00fchr von 50,00 \u20ac (zzgl. MwSt.) pro Person.\u00a0<\/p><p><em>*pro Mitgliedsunternehmen\/-organisation ist die Teilnahme eines Vertreters bzw. einer Vertreterin kostenfrei. Ab der zweiten Person berechnen wir eine Teilnahmegeb\u00fchr in H\u00f6he von 50,00\u20ac (zzgl. MwSt.) pro Person.<\/em><\/p><p>Melden Sie sich bis zum <strong>22.05.26<\/strong>\u00a0unter dem nachfolgenden Formular an. Nach Eingang der schriftlichen Anmeldung erhalten Sie eine Anmeldebest\u00e4tigung inkl. Rechnung.<\/p><p>Wir freuen uns darauf, Sie bei unserem Netzwerktreffen begr\u00fc\u00dfen zu d\u00fcrfen!\u00a0<\/p>\t\t\t\t\t\t\t\t<\/div>\n\t\t\t\t<\/div>\n\t\t\t\t\t<\/div>\n\t\t<\/div>\n\t\t\t\t\t<\/div>\n\t\t<\/section>\n\t\t\t\t<section class=\"elementor-section elementor-top-section elementor-element elementor-element-35f20be elementor-section-boxed elementor-section-height-default elementor-section-height-default\" data-id=\"35f20be\" data-element_type=\"section\" data-e-type=\"section\">\n\t\t\t\t\t\t<div class=\"elementor-container elementor-column-gap-default\">\n\t\t\t\t\t<div class=\"elementor-column elementor-col-100 elementor-top-column elementor-element elementor-element-48435d7\" data-id=\"48435d7\" data-element_type=\"column\" data-e-type=\"column\">\n\t\t\t<div class=\"elementor-widget-wrap elementor-element-populated\">\n\t\t\t\t\t\t<div class=\"elementor-element elementor-element-c83dadc elementor-widget elementor-widget-heading\" data-id=\"c83dadc\" data-element_type=\"widget\" data-e-type=\"widget\" data-widget_type=\"heading.default\">\n\t\t\t\t<div class=\"elementor-widget-container\">\n\t\t\t\t\t<h4 class=\"elementor-heading-title elementor-size-default\">Anmeldung:<\/h4>\t\t\t\t<\/div>\n\t\t\t\t<\/div>\n\t\t\t\t\t<\/div>\n\t\t<\/div>\n\t\t\t\t\t<\/div>\n\t\t<\/section>\n\t\t\t\t<section class=\"elementor-section elementor-top-section elementor-element elementor-element-3136383 elementor-section-boxed elementor-section-height-default elementor-section-height-default\" data-id=\"3136383\" data-element_type=\"section\" data-e-type=\"section\">\n\t\t\t\t\t\t<div class=\"elementor-container elementor-column-gap-default\">\n\t\t\t\t\t<div class=\"elementor-column elementor-col-100 elementor-top-column elementor-element elementor-element-f1b627d\" data-id=\"f1b627d\" data-element_type=\"column\" data-e-type=\"column\">\n\t\t\t<div class=\"elementor-widget-wrap elementor-element-populated\">\n\t\t\t\t\t\t<div class=\"elementor-element elementor-element-fe64261 elementor-widget elementor-widget-wpforms\" data-id=\"fe64261\" data-element_type=\"widget\" data-e-type=\"widget\" data-widget_type=\"wpforms.default\">\n\t\t\t\t<div class=\"elementor-widget-container\">\n\t\t\t\t\t<div class=\"wpforms-container wpforms-container-full\" id=\"wpforms-2699\"><form id=\"wpforms-form-2699\" class=\"wpforms-validate wpforms-form wpforms-ajax-form\" data-formid=\"2699\" method=\"post\" enctype=\"multipart\/form-data\" action=\"\/index.php?rest_route=%2Fwp%2Fv2%2Fpages%2F4883\" data-token=\"edc3da8e6031b452ddf02e298dc3765f\" data-token-time=\"1777891340\"><noscript class=\"wpforms-error-noscript\">Bitte aktiviere JavaScript in deinem Browser, um dieses Formular fertigzustellen.<\/noscript><div class=\"wpforms-field-container\"><div id=\"wpforms-2699-field_9-container\" class=\"wpforms-field wpforms-field-text\" data-field-id=\"9\"><label class=\"wpforms-field-label\" for=\"wpforms-2699-field_9\">Titel<\/label><input type=\"text\" id=\"wpforms-2699-field_9\" class=\"wpforms-field-medium\" name=\"wpforms[fields][9]\" ><\/div><div id=\"wpforms-2699-field_1-container\" class=\"wpforms-field wpforms-field-name\" data-field-id=\"1\"><label class=\"wpforms-field-label\">Name <span class=\"wpforms-required-label\">*<\/span><\/label><div class=\"wpforms-field-row wpforms-field-medium\"><div class=\"wpforms-field-row-block wpforms-first wpforms-one-half\"><input type=\"text\" id=\"wpforms-2699-field_1\" class=\"wpforms-field-name-first wpforms-field-required\" name=\"wpforms[fields][1][first]\" required><label for=\"wpforms-2699-field_1\" class=\"wpforms-field-sublabel after\">Vorname<\/label><\/div><div class=\"wpforms-field-row-block wpforms-one-half\"><input type=\"text\" id=\"wpforms-2699-field_1-last\" class=\"wpforms-field-name-last wpforms-field-required\" name=\"wpforms[fields][1][last]\" required><label for=\"wpforms-2699-field_1-last\" class=\"wpforms-field-sublabel after\">Nachname<\/label><\/div><\/div><\/div><div id=\"wpforms-2699-field_2-container\" class=\"wpforms-field wpforms-field-email\" data-field-id=\"2\"><label class=\"wpforms-field-label\" for=\"wpforms-2699-field_2\">E-Mail <span class=\"wpforms-required-label\">*<\/span><\/label><input type=\"email\" id=\"wpforms-2699-field_2\" class=\"wpforms-field-medium wpforms-field-required\" name=\"wpforms[fields][2]\" spellcheck=\"false\" required><\/div><div id=\"wpforms-2699-field_11-container\" class=\"wpforms-field wpforms-field-text\" data-field-id=\"11\"><label class=\"wpforms-field-label\" for=\"wpforms-2699-field_11\">Telefonnummer<\/label><input type=\"text\" id=\"wpforms-2699-field_11\" class=\"wpforms-field-medium\" name=\"wpforms[fields][11]\" ><\/div><div id=\"wpforms-2699-field_10-container\" class=\"wpforms-field wpforms-field-text\" data-field-id=\"10\"><label class=\"wpforms-field-label\" for=\"wpforms-2699-field_10\">Firma oder Institution<\/label><input type=\"text\" id=\"wpforms-2699-field_10\" class=\"wpforms-field-medium\" name=\"wpforms[fields][10]\" ><\/div><div id=\"wpforms-2699-field_17-container\" class=\"wpforms-field wpforms-field-text\" data-field-id=\"17\"><label class=\"wpforms-field-label\" for=\"wpforms-2699-field_17\">Rechnungsadresse<\/label><input type=\"text\" id=\"wpforms-2699-field_17\" class=\"wpforms-field-large\" name=\"wpforms[fields][17]\" ><\/div><div id=\"wpforms-2699-field_3-container\" class=\"wpforms-field wpforms-field-radio\" data-field-id=\"3\"><label class=\"wpforms-field-label\">Sind Sie SRCC-Vereinsmitglied? <span class=\"wpforms-required-label\">*<\/span><\/label><ul id=\"wpforms-2699-field_3\" class=\"wpforms-field-required\"><li class=\"choice-1 depth-1\"><input type=\"radio\" id=\"wpforms-2699-field_3_1\" name=\"wpforms[fields][3]\" value=\"ja\" required ><label class=\"wpforms-field-label-inline\" for=\"wpforms-2699-field_3_1\">ja<\/label><\/li><li class=\"choice-2 depth-1\"><input type=\"radio\" id=\"wpforms-2699-field_3_2\" name=\"wpforms[fields][3]\" value=\"nein\" required ><label class=\"wpforms-field-label-inline\" for=\"wpforms-2699-field_3_2\">nein<\/label><\/li><\/ul><\/div>\t\t<div id=\"wpforms-2699-field_4-container\"\n\t\t\tclass=\"wpforms-field wpforms-field-text\"\n\t\t\tdata-field-type=\"text\"\n\t\t\tdata-field-id=\"4\"\n\t\t\t>\n\t\t\t<label class=\"wpforms-field-label\" for=\"wpforms-2699-field_4\" >B. oder Name<\/label>\n\t\t\t<input type=\"text\" id=\"wpforms-2699-field_4\" class=\"wpforms-field-medium\" name=\"wpforms[fields][4]\" >\n\t\t<\/div>\n\t\t<div id=\"wpforms-2699-field_7-container\" class=\"wpforms-field wpforms-field-textarea\" data-field-id=\"7\"><label class=\"wpforms-field-label\" for=\"wpforms-2699-field_7\">Hinweise (z. B. Teilnahme an allen\/ausgew\u00e4hlten Programmpunkten)<\/label><textarea id=\"wpforms-2699-field_7\" class=\"wpforms-field-medium\" name=\"wpforms[fields][7]\" ><\/textarea><\/div><script>\n\t\t\t\t( function() {\n\t\t\t\t\tconst style = document.createElement( 'style' );\n\t\t\t\t\tstyle.appendChild( document.createTextNode( '#wpforms-2699-field_4-container { position: absolute !important; overflow: hidden !important; display: inline !important; height: 1px !important; width: 1px !important; z-index: -1000 !important; padding: 0 !important; } #wpforms-2699-field_4-container input { visibility: hidden; } #wpforms-conversational-form-page #wpforms-2699-field_4-container label { counter-increment: none; }' ) );\n\t\t\t\t\tdocument.head.appendChild( style );\n\t\t\t\t\tdocument.currentScript?.remove();\n\t\t\t\t} )();\n\t\t\t<\/script><\/div><!-- .wpforms-field-container --><div class=\"wpforms-recaptcha-container wpforms-is-hcaptcha\" ><div class=\"h-captcha\" data-sitekey=\"31397081-7c51-4287-90cb-5caa2da69a82\"><\/div><input type=\"text\" name=\"g-recaptcha-hidden\" class=\"wpforms-recaptcha-hidden\" style=\"position:absolute!important;clip:rect(0,0,0,0)!important;height:1px!important;width:1px!important;border:0!important;overflow:hidden!important;padding:0!important;margin:0!important;\" data-rule-hcaptcha=\"1\"><\/div><div class=\"wpforms-submit-container\" ><input type=\"hidden\" name=\"wpforms[id]\" value=\"2699\"><input type=\"hidden\" name=\"page_title\" value=\"\"><input type=\"hidden\" name=\"page_url\" value=\"https:\/\/www.smart-rail-campus.de\/index.php?rest_route=\/wp\/v2\/pages\/4883\"><input type=\"hidden\" name=\"url_referer\" value=\"\"><button type=\"submit\" name=\"wpforms[submit]\" id=\"wpforms-submit-2699\" class=\"wpforms-submit\" data-alt-text=\"Sending...\" data-submit-text=\"Senden\" aria-live=\"assertive\" value=\"wpforms-submit\">Senden<\/button><img decoding=\"async\" src=\"https:\/\/www.smart-rail-campus.de\/wp-content\/plugins\/wpforms-lite\/assets\/images\/submit-spin.svg\" class=\"wpforms-submit-spinner\" style=\"display: none;\" width=\"26\" height=\"26\" alt=\"Wird geladen\"><\/div><\/form><\/div>  <!-- .wpforms-container -->\t\t\t\t<\/div>\n\t\t\t\t<\/div>\n\t\t\t\t\t<\/div>\n\t\t<\/div>\n\t\t\t\t\t<\/div>\n\t\t<\/section>\n\t\t\t\t<\/div>\n\t\t","protected":false},"excerpt":{"rendered":"<p>Alle Vereinsmitglieder, Netzwerkpartner und Interessenten aufgepasst: Der SRCC veranstaltet am 10.06.2026 ab 17:00 Uhr ein\u00a0Netzwerktreffen am Forschungscampus am Unteren Bahnhof in Annaberg-Buchholz (Bahnhofsplatz 1, 09456 Annaberg-Buchholz). Das B\u00fcndnis &#8222;Smart Rail Connectivity Campus&#8220; ist eines von 20 B\u00fcndnissen, die seit dem 01.04.2019 im Programm &#8222;WIR! \u2013 Wandel durch Innovation in der Region&#8220; des Bundesministeriums f\u00fcr Forschung, [&hellip;]<\/p>\n","protected":false},"author":4,"featured_media":0,"parent":0,"menu_order":0,"comment_status":"closed","ping_status":"closed","template":"","meta":{"footnotes":""},"class_list":["post-4883","page","type-page","status-publish","hentry","post"],"_links":{"self":[{"href":"https:\/\/www.smart-rail-campus.de\/index.php?rest_route=\/wp\/v2\/pages\/4883","targetHints":{"allow":["GET"]}}],"collection":[{"href":"https:\/\/www.smart-rail-campus.de\/index.php?rest_route=\/wp\/v2\/pages"}],"about":[{"href":"https:\/\/www.smart-rail-campus.de\/index.php?rest_route=\/wp\/v2\/types\/page"}],"author":[{"embeddable":true,"href":"https:\/\/www.smart-rail-campus.de\/index.php?rest_route=\/wp\/v2\/users\/4"}],"replies":[{"embeddable":true,"href":"https:\/\/www.smart-rail-campus.de\/index.php?rest_route=%2Fwp%2Fv2%2Fcomments&post=4883"}],"version-history":[{"count":79,"href":"https:\/\/www.smart-rail-campus.de\/index.php?rest_route=\/wp\/v2\/pages\/4883\/revisions"}],"predecessor-version":[{"id":8203,"href":"https:\/\/www.smart-rail-campus.de\/index.php?rest_route=\/wp\/v2\/pages\/4883\/revisions\/8203"}],"wp:attachment":[{"href":"https:\/\/www.smart-rail-campus.de\/index.php?rest_route=%2Fwp%2Fv2%2Fmedia&parent=4883"}],"curies":[{"name":"wp","href":"https:\/\/api.w.org\/{rel}","templated":true}]}}