{"id":656,"date":"2022-06-07T13:55:35","date_gmt":"2022-06-07T11:55:35","guid":{"rendered":"https:\/\/www.smart-rail-campus.de\/?page_id=656"},"modified":"2023-12-18T11:40:36","modified_gmt":"2023-12-18T10:40:36","slug":"srcc-meets-austria","status":"publish","type":"page","link":"https:\/\/www.smart-rail-campus.de\/?page_id=656","title":{"rendered":"Smart Rail Enquete &#8211; SRCC meets Austria 2023: Unternehmensreise nach Wien"},"content":{"rendered":"\t\t<div data-elementor-type=\"wp-page\" data-elementor-id=\"656\" class=\"elementor elementor-656\">\n\t\t\t\t\t\t<section class=\"elementor-section elementor-top-section elementor-element elementor-element-d51eeaa elementor-section-boxed elementor-section-height-default elementor-section-height-default\" data-id=\"d51eeaa\" data-element_type=\"section\" data-e-type=\"section\">\n\t\t\t\t\t\t<div class=\"elementor-container elementor-column-gap-default\">\n\t\t\t\t\t<div class=\"elementor-column elementor-col-100 elementor-top-column elementor-element elementor-element-139b931\" data-id=\"139b931\" data-element_type=\"column\" data-e-type=\"column\">\n\t\t\t<div class=\"elementor-widget-wrap elementor-element-populated\">\n\t\t\t\t\t\t<div class=\"elementor-element elementor-element-c39dc08 elementor-widget elementor-widget-text-editor\" data-id=\"c39dc08\" data-element_type=\"widget\" data-e-type=\"widget\" data-widget_type=\"text-editor.default\">\n\t\t\t\t<div class=\"elementor-widget-container\">\n\t\t\t\t\t\t\t\t\t<p>Der SRCC und die K-Business,com (vorher KAPSCH) veranstalteten vom <strong>Mittwoch, den 29. M\u00e4rz 2023 bis einschlie\u00dflich Freitag, den 31. M\u00e4rz 2023 die \u201cSmart Rail Enquete, SRCC meets Austria\u201d<\/strong>. Der Tagungsort war Wien, unweit des neuen Hauptbahnhofes. Die Veranstaltung wurde, um sicherzustellen, dass sie auch bei stark steigenden Corona-Zahlen stattfinden kann, sowohl in Pr\u00e4senz als auch in virtueller Form organisiert.<\/p><p>Die drei Tage waren gef\u00fcllt mit Themen von erfahrenen Vortragenden aus der Branche. <\/p><p>Einen R\u00fcckblick zur Veranstaltung finden Sie <a href=\"https:\/\/www.smart-rail-campus.de\/?p=1738\">hier<\/a>.<\/p>\t\t\t\t\t\t\t\t<\/div>\n\t\t\t\t<\/div>\n\t\t\t\t\t<\/div>\n\t\t<\/div>\n\t\t\t\t\t<\/div>\n\t\t<\/section>\n\t\t\t\t<section class=\"elementor-section elementor-top-section elementor-element elementor-element-9ccb303 elementor-section-boxed elementor-section-height-default elementor-section-height-default\" data-id=\"9ccb303\" data-element_type=\"section\" data-e-type=\"section\">\n\t\t\t\t\t\t<div class=\"elementor-container elementor-column-gap-default\">\n\t\t\t\t\t<div class=\"elementor-column elementor-col-100 elementor-top-column elementor-element elementor-element-ede4ffb\" data-id=\"ede4ffb\" data-element_type=\"column\" data-e-type=\"column\">\n\t\t\t<div class=\"elementor-widget-wrap elementor-element-populated\">\n\t\t\t\t\t\t<div class=\"elementor-element elementor-element-d420c96 elementor-tabs-view-horizontal elementor-widget elementor-widget-tabs\" data-id=\"d420c96\" data-element_type=\"widget\" data-e-type=\"widget\" data-widget_type=\"tabs.default\">\n\t\t\t\t<div class=\"elementor-widget-container\">\n\t\t\t\t\t\t\t<div class=\"elementor-tabs\">\n\t\t\t<div class=\"elementor-tabs-wrapper\" role=\"tablist\" >\n\t\t\t\t\t\t\t\t\t<div id=\"elementor-tab-title-2221\" class=\"elementor-tab-title elementor-tab-desktop-title\" aria-selected=\"true\" data-tab=\"1\" role=\"tab\" tabindex=\"0\" aria-controls=\"elementor-tab-content-2221\" aria-expanded=\"false\">Mittwoch, 29.03.2023<\/div>\n\t\t\t\t\t\t\t\t\t<div id=\"elementor-tab-title-2222\" class=\"elementor-tab-title elementor-tab-desktop-title\" aria-selected=\"false\" data-tab=\"2\" role=\"tab\" tabindex=\"-1\" aria-controls=\"elementor-tab-content-2222\" aria-expanded=\"false\">Donnerstag, 30.03.2023<\/div>\n\t\t\t\t\t\t\t\t\t<div id=\"elementor-tab-title-2223\" class=\"elementor-tab-title elementor-tab-desktop-title\" aria-selected=\"false\" data-tab=\"3\" role=\"tab\" tabindex=\"-1\" aria-controls=\"elementor-tab-content-2223\" aria-expanded=\"false\">Freitag, 31.03.2023<\/div>\n\t\t\t\t\t\t\t<\/div>\n\t\t\t<div class=\"elementor-tabs-content-wrapper\" role=\"tablist\" aria-orientation=\"vertical\">\n\t\t\t\t\t\t\t\t\t<div class=\"elementor-tab-title elementor-tab-mobile-title\" aria-selected=\"true\" data-tab=\"1\" role=\"tab\" tabindex=\"0\" aria-controls=\"elementor-tab-content-2221\" aria-expanded=\"false\">Mittwoch, 29.03.2023<\/div>\n\t\t\t\t\t<div id=\"elementor-tab-content-2221\" class=\"elementor-tab-content elementor-clearfix\" data-tab=\"1\" role=\"tabpanel\" aria-labelledby=\"elementor-tab-title-2221\" tabindex=\"0\" hidden=\"false\"><p>Ab 08.00 Uhr\u00a0 Registrierung im Veranstaltungsb\u00fcro<\/p><p><img fetchpriority=\"high\" decoding=\"async\" class=\"wp-image-1693 size-large alignleft\" src=\"https:\/\/www.smart-rail-campus.de\/wp-content\/uploads\/2023\/03\/SmartRailEnquete2023_Progamm_Mi_neu-1024x804.jpg\" alt=\"\" width=\"720\" height=\"565\" srcset=\"https:\/\/www.smart-rail-campus.de\/wp-content\/uploads\/2023\/03\/SmartRailEnquete2023_Progamm_Mi_neu-1024x804.jpg 1024w, https:\/\/www.smart-rail-campus.de\/wp-content\/uploads\/2023\/03\/SmartRailEnquete2023_Progamm_Mi_neu-300x235.jpg 300w, https:\/\/www.smart-rail-campus.de\/wp-content\/uploads\/2023\/03\/SmartRailEnquete2023_Progamm_Mi_neu-768x603.jpg 768w, https:\/\/www.smart-rail-campus.de\/wp-content\/uploads\/2023\/03\/SmartRailEnquete2023_Progamm_Mi_neu-1536x1206.jpg 1536w, https:\/\/www.smart-rail-campus.de\/wp-content\/uploads\/2023\/03\/SmartRailEnquete2023_Progamm_Mi_neu-2048x1607.jpg 2048w\" sizes=\"(max-width: 720px) 100vw, 720px\" \/><\/p><p>\u00a0<\/p><p>Der Workshop \u201eTechnologie f\u00fcr einen effizienten, sicheren und kundenorientierten Bahnbetrieb\u201c findet zwischen 13.15 Uhr und 14:05 statt.<\/p><p>Anmeldungsw\u00fcnsche zur Teilnahme am Workshop bitte per E-Mail an <a href=\"mailto:sre.team@k-business.com\">sre.team@k-business.com<\/a>. Die Teilnehmerzahl ist begrenzt.<\/p><\/div>\n\t\t\t\t\t\t\t\t\t<div class=\"elementor-tab-title elementor-tab-mobile-title\" aria-selected=\"false\" data-tab=\"2\" role=\"tab\" tabindex=\"-1\" aria-controls=\"elementor-tab-content-2222\" aria-expanded=\"false\">Donnerstag, 30.03.2023<\/div>\n\t\t\t\t\t<div id=\"elementor-tab-content-2222\" class=\"elementor-tab-content elementor-clearfix\" data-tab=\"2\" role=\"tabpanel\" aria-labelledby=\"elementor-tab-title-2222\" tabindex=\"0\" hidden=\"hidden\"><p><img decoding=\"async\" class=\"wp-image-1699 size-large alignleft\" src=\"https:\/\/www.smart-rail-campus.de\/wp-content\/uploads\/2023\/03\/SmartRailEnquete2023_Progamm_Do_neu_2-1024x705.jpg\" alt=\"\" width=\"720\" height=\"496\" srcset=\"https:\/\/www.smart-rail-campus.de\/wp-content\/uploads\/2023\/03\/SmartRailEnquete2023_Progamm_Do_neu_2-1024x705.jpg 1024w, https:\/\/www.smart-rail-campus.de\/wp-content\/uploads\/2023\/03\/SmartRailEnquete2023_Progamm_Do_neu_2-300x207.jpg 300w, https:\/\/www.smart-rail-campus.de\/wp-content\/uploads\/2023\/03\/SmartRailEnquete2023_Progamm_Do_neu_2-768x529.jpg 768w, https:\/\/www.smart-rail-campus.de\/wp-content\/uploads\/2023\/03\/SmartRailEnquete2023_Progamm_Do_neu_2-1536x1058.jpg 1536w, https:\/\/www.smart-rail-campus.de\/wp-content\/uploads\/2023\/03\/SmartRailEnquete2023_Progamm_Do_neu_2-2048x1410.jpg 2048w\" sizes=\"(max-width: 720px) 100vw, 720px\" \/><\/p><\/div>\n\t\t\t\t\t\t\t\t\t<div class=\"elementor-tab-title elementor-tab-mobile-title\" aria-selected=\"false\" data-tab=\"3\" role=\"tab\" tabindex=\"-1\" aria-controls=\"elementor-tab-content-2223\" aria-expanded=\"false\">Freitag, 31.03.2023<\/div>\n\t\t\t\t\t<div id=\"elementor-tab-content-2223\" class=\"elementor-tab-content elementor-clearfix\" data-tab=\"3\" role=\"tabpanel\" aria-labelledby=\"elementor-tab-title-2223\" tabindex=\"0\" hidden=\"hidden\"><p><img decoding=\"async\" class=\"wp-image-1695 size-large alignleft\" src=\"https:\/\/www.smart-rail-campus.de\/wp-content\/uploads\/2023\/03\/SmartRailEnquete2023_Progamm_Fr_neu-1024x546.jpg\" alt=\"\" width=\"720\" height=\"384\" srcset=\"https:\/\/www.smart-rail-campus.de\/wp-content\/uploads\/2023\/03\/SmartRailEnquete2023_Progamm_Fr_neu-1024x546.jpg 1024w, https:\/\/www.smart-rail-campus.de\/wp-content\/uploads\/2023\/03\/SmartRailEnquete2023_Progamm_Fr_neu-300x160.jpg 300w, https:\/\/www.smart-rail-campus.de\/wp-content\/uploads\/2023\/03\/SmartRailEnquete2023_Progamm_Fr_neu-768x409.jpg 768w, https:\/\/www.smart-rail-campus.de\/wp-content\/uploads\/2023\/03\/SmartRailEnquete2023_Progamm_Fr_neu-1536x818.jpg 1536w, https:\/\/www.smart-rail-campus.de\/wp-content\/uploads\/2023\/03\/SmartRailEnquete2023_Progamm_Fr_neu-2048x1091.jpg 2048w\" sizes=\"(max-width: 720px) 100vw, 720px\" \/><\/p><p>Der Workshop \u201eBahnbetriebliche Kommunikation\u201c findet zwischen 10.50 Uhr und 11:55 statt.<\/p><p>Anmeldungsw\u00fcnsche zur Teilnahme am Workshop bitte per E-Mail an <a href=\"mailto:sre.team@k-business.com\">sre.team@k-business.com<\/a>. Die Teilnehmerzahl ist begrenzt.<\/p><p>Seitens der Veranstalter wird hingewiesen, dass die Agenda noch Anpassungen unterliegen kann.<\/p><\/div>\n\t\t\t\t\t\t\t<\/div>\n\t\t<\/div>\n\t\t\t\t\t\t<\/div>\n\t\t\t\t<\/div>\n\t\t\t\t\t<\/div>\n\t\t<\/div>\n\t\t\t\t\t<\/div>\n\t\t<\/section>\n\t\t\t\t<\/div>\n\t\t","protected":false},"excerpt":{"rendered":"<p>Der SRCC und die K-Business,com (vorher KAPSCH) veranstalteten vom Mittwoch, den 29. M\u00e4rz 2023 bis einschlie\u00dflich Freitag, den 31. M\u00e4rz 2023 die \u201cSmart Rail Enquete, SRCC meets Austria\u201d. Der Tagungsort war Wien, unweit des neuen Hauptbahnhofes. Die Veranstaltung wurde, um sicherzustellen, dass sie auch bei stark steigenden Corona-Zahlen stattfinden kann, sowohl in Pr\u00e4senz als auch [&hellip;]<\/p>\n","protected":false},"author":1,"featured_media":0,"parent":0,"menu_order":0,"comment_status":"closed","ping_status":"closed","template":"","meta":{"footnotes":""},"class_list":["post-656","page","type-page","status-publish","hentry","post"],"_links":{"self":[{"href":"https:\/\/www.smart-rail-campus.de\/index.php?rest_route=\/wp\/v2\/pages\/656","targetHints":{"allow":["GET"]}}],"collection":[{"href":"https:\/\/www.smart-rail-campus.de\/index.php?rest_route=\/wp\/v2\/pages"}],"about":[{"href":"https:\/\/www.smart-rail-campus.de\/index.php?rest_route=\/wp\/v2\/types\/page"}],"author":[{"embeddable":true,"href":"https:\/\/www.smart-rail-campus.de\/index.php?rest_route=\/wp\/v2\/users\/1"}],"replies":[{"embeddable":true,"href":"https:\/\/www.smart-rail-campus.de\/index.php?rest_route=%2Fwp%2Fv2%2Fcomments&post=656"}],"version-history":[{"count":0,"href":"https:\/\/www.smart-rail-campus.de\/index.php?rest_route=\/wp\/v2\/pages\/656\/revisions"}],"wp:attachment":[{"href":"https:\/\/www.smart-rail-campus.de\/index.php?rest_route=%2Fwp%2Fv2%2Fmedia&parent=656"}],"curies":[{"name":"wp","href":"https:\/\/api.w.org\/{rel}","templated":true}]}}