{"id":662,"date":"2022-06-07T13:11:26","date_gmt":"2022-06-07T11:11:26","guid":{"rendered":"https:\/\/www.smart-rail-campus.de\/?page_id=662"},"modified":"2022-09-22T17:41:34","modified_gmt":"2022-09-22T15:41:34","slug":"streckenjubilaeum-13-14-august-2022","status":"publish","type":"page","link":"https:\/\/www.smart-rail-campus.de\/?page_id=662","title":{"rendered":"R\u00fcckblick Streckenjubil\u00e4um 13.-14. August 2022"},"content":{"rendered":"\t\t<div data-elementor-type=\"wp-page\" data-elementor-id=\"662\" class=\"elementor elementor-662\">\n\t\t\t\t\t\t<section class=\"elementor-section elementor-top-section elementor-element elementor-element-2586ef73 elementor-section-boxed elementor-section-height-default elementor-section-height-default\" data-id=\"2586ef73\" data-element_type=\"section\" data-e-type=\"section\">\n\t\t\t\t\t\t<div class=\"elementor-container elementor-column-gap-default\">\n\t\t\t\t\t<div class=\"elementor-column elementor-col-100 elementor-top-column elementor-element elementor-element-66ae5465\" data-id=\"66ae5465\" data-element_type=\"column\" data-e-type=\"column\">\n\t\t\t<div class=\"elementor-widget-wrap elementor-element-populated\">\n\t\t\t\t\t\t<div class=\"elementor-element elementor-element-8dfc246 elementor-widget elementor-widget-text-editor\" data-id=\"8dfc246\" data-element_type=\"widget\" data-e-type=\"widget\" data-widget_type=\"text-editor.default\">\n\t\t\t\t<div class=\"elementor-widget-container\">\n\t\t\t\t\t\t\t\t\t<p><\/p>\n<p class=\"has-text-align-center\"><strong>Das Streckenjubil\u00e4um fand vom 13. August bis 14. August 2022 statt<\/strong><br \/>150 Jahre Eisenbahnstrecke Vejprty \u2013 Annaberg<br \/>125 Jahre Fichtelbergbahn und <br \/>20 Jahre Erzgebirgsbahn<\/p>\n<p><\/p>\n<p><\/p>\n<p>Neben Veranstaltungen der DB Erzgebirgsbahn und der Fichtelbergbahn, pr\u00e4sentierten wir am 13. und 14. August 2022 die Zukunft des Schienenverkehrs. Am Bahnhof Annaberg-Buchholz S\u00fcd konnten sich die zahlreichen, interessierten Besucher in traditionsreicher Kulisse \u00fcber moderne Projekte und Ideen informieren.<\/p>\n<p>Neben Besichtigungen des Digitalen Stellwerks (DSTW) am Bahnhof Annaberg-Buchholz S\u00fcd und der Ausstellung moderner Schienenfahrzeuge, fanden die Fachvortr\u00e4ge im Forschungszug Lisa der Firma Thales reges Interesse.\u00a0<\/p>\n<p>Nachfolgend k\u00f6nnen Sie Einblicke in die Vortr\u00e4ge zu den folgenden Themen gewinnen:<\/p>\n<ul>\n<li><a href=\"https:\/\/www.smart-rail-campus.de\/wp-content\/uploads\/2022\/08\/22-08-13-Wasserstoffland-Sachsen-HZwo-eV-Nico-Keller.pdf\" target=\"_blank\" rel=\"noopener\">Wasserstoffland Sachsen &#8211; HZwo eV &#8211; Nico Keller<\/a><\/li>\n<li><a href=\"https:\/\/www.smart-rail-campus.de\/wp-content\/uploads\/2022\/08\/22-08-14-SRCC_TUC_5G_Streckenjubil\u00e4um_Udo Wehner.pdf?_t=1662974646\" target=\"_blank\" rel=\"noopener\" data-wplink-url-error=\"true\">Moderne Daten\u00fcbertragung (5G) &#8211; Udo Wehner<\/a><\/li>\n<li><a href=\"https:\/\/www.smart-rail-campus.de\/wp-content\/uploads\/2022\/08\/22-08-13u14-50-Hz-Ladestation-SRCC-Hans-Guenther.pdf\" target=\"_blank\" rel=\"noopener\">50-Hz-Nachladestation &#8211; SRCC &#8211; Hans G\u00fcnther<\/a><\/li>\n<li><a href=\"https:\/\/www.smart-rail-campus.de\/wp-content\/uploads\/2022\/08\/22-08-13-SRCC_Smarte Mobilit\u00e4tsketten_Nadine_Rauh.pdf?_t=1662974652\" target=\"_blank\" rel=\"noopener\" data-wplink-url-error=\"true\">Smarte Mobilit\u00e4tsketten als Zukunftsidee f\u00fcr die Mobilit\u00e4t im Erzgebirge &#8211; TU Chemnitz &#8211; Nadine Rauh<\/a><\/li>\n<\/ul>\n<p>Im Innenraum des Bahnhofsgeb\u00e4udes gab es au\u00dferdem am Nachmittag einen histo\u00adrischen R\u00fcckblick auf die vielen Jahre Eisenbahngeschichte der Bahnh\u00f6fe in Annaberg-Buchholz. Dieter Seidel erz\u00e4hlte lebendig aus seinem Berufsleben bei den Deutschen Bahnen und den Ver\u00e4n\u00adderungen der Bahnh\u00f6fe in Annaberg-Buchholz \u00fcber die Zeiten hinweg:<\/p>\n<ul>\n<li><a href=\"https:\/\/www.smart-rail-campus.de\/wp-content\/uploads\/2022\/08\/22-08-13u14-Die-Bahnhoefe-von-Annaberg-und-Buchholz-historischer-Vortrag-Dieter-Seidel.pdf\" target=\"_blank\" rel=\"noopener\">Die Bahnh\u00f6fe von Annaberg-Buchholz &#8211; Dieter Seidel<\/a>.<\/li>\n<\/ul>\n<p class=\"has-text-align-left\">Die Vortr\u00e4ge k\u00f6nnen auch gern hier durch Klick auf den Titel heruntergeladen werden.<\/p>\n<p style=\"text-align: justify; line-height: 115%; margin: 6.0pt 0cm 6.0pt 0cm;\"><span style=\"font-size: 10.0pt; line-height: 115%; font-family: 'Arial',sans-serif;\">F\u00fcr Speisen und Getr\u00e4nke sorgte Familie Mallon in ihrer Jausenstation im Bahnhofsgeb\u00e4ude. Wir haben uns sehr \u00fcber die zahlreichen Besucherinnen und Besucher gefreut. <\/span><\/p>\n<p style=\"text-align: justify; line-height: 115%; margin: 6.0pt 0cm 18.0pt 0cm;\"><span style=\"font-size: 10.0pt; line-height: 115%; font-family: 'Arial',sans-serif;\">Ein herzlicher Dank geht an alle Beteiligten, die sich an diesem Wochenende f\u00fcr diese Feierlichkeit engagiert haben. <\/span><\/p>\n<p><\/p>\n<p>\u00a0<\/p>\t\t\t\t\t\t\t\t<\/div>\n\t\t\t\t<\/div>\n\t\t\t\t<div class=\"elementor-element elementor-element-3a6463b elementor-widget elementor-widget-image-gallery\" data-id=\"3a6463b\" data-element_type=\"widget\" data-e-type=\"widget\" data-widget_type=\"image-gallery.default\">\n\t\t\t\t<div class=\"elementor-widget-container\">\n\t\t\t\t\t\t\t<div class=\"elementor-image-gallery\">\n\t\t\t\n\t\t<style type=\"text\/css\">\n\t\t\t#gallery-1 {\n\t\t\t\tmargin: auto;\n\t\t\t}\n\t\t\t#gallery-1 .gallery-item {\n\t\t\t\tfloat: left;\n\t\t\t\tmargin-top: 10px;\n\t\t\t\ttext-align: center;\n\t\t\t\twidth: 33%;\n\t\t\t}\n\t\t\t#gallery-1 img {\n\t\t\t\tborder: 2px solid #cfcfcf;\n\t\t\t}\n\t\t\t#gallery-1 .gallery-caption {\n\t\t\t\tmargin-left: 0;\n\t\t\t}\n\t\t\t\/* see gallery_shortcode() in wp-includes\/media.php *\/\n\t\t<\/style>\n\t\t<div id='gallery-1' class='gallery galleryid-662 gallery-columns-3 gallery-size-thumbnail'><dl class='gallery-item'>\n\t\t\t<dt class='gallery-icon landscape'>\n\t\t\t\t<a data-elementor-open-lightbox=\"yes\" data-elementor-lightbox-slideshow=\"3a6463b\" data-elementor-lightbox-title=\"Streckenjubil\u00e4um Forschungszug LISA der Firma Thales\" data-e-action-hash=\"#elementor-action%3Aaction%3Dlightbox%26settings%3DeyJpZCI6MTA3NiwidXJsIjoiaHR0cHM6XC9cL3d3dy5zbWFydC1yYWlsLWNhbXB1cy5kZVwvd3AtY29udGVudFwvdXBsb2Fkc1wvMjAyMlwvMDlcL1N0cmVja2VuanViaWxhZXVtLUZvcnNjaHVuZ3N6dWctTElTQS1kZXItRmlybWEtVGhhbGVzLmpwZyIsInNsaWRlc2hvdyI6IjNhNjQ2M2IifQ%3D%3D\" href='https:\/\/www.smart-rail-campus.de\/wp-content\/uploads\/2022\/09\/Streckenjubilaeum-Forschungszug-LISA-der-Firma-Thales.jpg'><img decoding=\"async\" width=\"150\" height=\"150\" src=\"https:\/\/www.smart-rail-campus.de\/wp-content\/uploads\/2022\/09\/Streckenjubilaeum-Forschungszug-LISA-der-Firma-Thales-150x150.jpg\" class=\"attachment-thumbnail size-thumbnail\" alt=\"\" \/><\/a>\n\t\t\t<\/dt><\/dl><dl class='gallery-item'>\n\t\t\t<dt class='gallery-icon landscape'>\n\t\t\t\t<a data-elementor-open-lightbox=\"yes\" data-elementor-lightbox-slideshow=\"3a6463b\" data-elementor-lightbox-title=\"Streckenjubil\u00e4um Stand SRCC\" data-e-action-hash=\"#elementor-action%3Aaction%3Dlightbox%26settings%3DeyJpZCI6MTA3NywidXJsIjoiaHR0cHM6XC9cL3d3dy5zbWFydC1yYWlsLWNhbXB1cy5kZVwvd3AtY29udGVudFwvdXBsb2Fkc1wvMjAyMlwvMDlcL1N0cmVja2VuanViaWxhZXVtLVN0YW5kLVNSQ0MuanBnIiwic2xpZGVzaG93IjoiM2E2NDYzYiJ9\" href='https:\/\/www.smart-rail-campus.de\/wp-content\/uploads\/2022\/09\/Streckenjubilaeum-Stand-SRCC.jpg'><img decoding=\"async\" width=\"150\" height=\"150\" src=\"https:\/\/www.smart-rail-campus.de\/wp-content\/uploads\/2022\/09\/Streckenjubilaeum-Stand-SRCC-150x150.jpg\" class=\"attachment-thumbnail size-thumbnail\" alt=\"\" \/><\/a>\n\t\t\t<\/dt><\/dl><dl class='gallery-item'>\n\t\t\t<dt class='gallery-icon landscape'>\n\t\t\t\t<a data-elementor-open-lightbox=\"yes\" data-elementor-lightbox-slideshow=\"3a6463b\" data-elementor-lightbox-title=\"Vortrag zum Wasserstoffland Sachsen im Forschungszug LISA der Firma Thales\" data-e-action-hash=\"#elementor-action%3Aaction%3Dlightbox%26settings%3DeyJpZCI6MTA3OCwidXJsIjoiaHR0cHM6XC9cL3d3dy5zbWFydC1yYWlsLWNhbXB1cy5kZVwvd3AtY29udGVudFwvdXBsb2Fkc1wvMjAyMlwvMDlcL1ZvcnRyYWctenVtLVdhc3NlcnN0b2ZmbGFuZC1TYWNoc2VuLWltLUZvcnNjaHVuZ3N6dWctTElTQS1kZXItRmlybWEtVGhhbGVzLmpwZyIsInNsaWRlc2hvdyI6IjNhNjQ2M2IifQ%3D%3D\" href='https:\/\/www.smart-rail-campus.de\/wp-content\/uploads\/2022\/09\/Vortrag-zum-Wasserstoffland-Sachsen-im-Forschungszug-LISA-der-Firma-Thales.jpg'><img decoding=\"async\" width=\"150\" height=\"150\" src=\"https:\/\/www.smart-rail-campus.de\/wp-content\/uploads\/2022\/09\/Vortrag-zum-Wasserstoffland-Sachsen-im-Forschungszug-LISA-der-Firma-Thales-150x150.jpg\" class=\"attachment-thumbnail size-thumbnail\" alt=\"\" \/><\/a>\n\t\t\t<\/dt><\/dl><br style=\"clear: both\" \/><dl class='gallery-item'>\n\t\t\t<dt class='gallery-icon landscape'>\n\t\t\t\t<a data-elementor-open-lightbox=\"yes\" data-elementor-lightbox-slideshow=\"3a6463b\" data-elementor-lightbox-title=\"Vortrag zu Smarten Mobilit\u00e4tsketten im l\u00e4ndlichen Raum im Forschungszug LISA der Firma Thales\" data-e-action-hash=\"#elementor-action%3Aaction%3Dlightbox%26settings%3DeyJpZCI6MTA3OSwidXJsIjoiaHR0cHM6XC9cL3d3dy5zbWFydC1yYWlsLWNhbXB1cy5kZVwvd3AtY29udGVudFwvdXBsb2Fkc1wvMjAyMlwvMDlcL1ZvcnRyYWctenUtU21hcnRlbi1Nb2JpbGl0YWV0c2tldHRlbi1pbS1sYWVuZGxpY2hlbi1SYXVtLWltLUZvcnNjaHVuZ3N6dWctTElTQS1kZXItRmlybWEtVGhhbGVzLmpwZyIsInNsaWRlc2hvdyI6IjNhNjQ2M2IifQ%3D%3D\" href='https:\/\/www.smart-rail-campus.de\/wp-content\/uploads\/2022\/09\/Vortrag-zu-Smarten-Mobilitaetsketten-im-laendlichen-Raum-im-Forschungszug-LISA-der-Firma-Thales.jpg'><img loading=\"lazy\" decoding=\"async\" width=\"150\" height=\"150\" src=\"https:\/\/www.smart-rail-campus.de\/wp-content\/uploads\/2022\/09\/Vortrag-zu-Smarten-Mobilitaetsketten-im-laendlichen-Raum-im-Forschungszug-LISA-der-Firma-Thales-150x150.jpg\" class=\"attachment-thumbnail size-thumbnail\" alt=\"\" \/><\/a>\n\t\t\t<\/dt><\/dl><dl class='gallery-item'>\n\t\t\t<dt class='gallery-icon landscape'>\n\t\t\t\t<a data-elementor-open-lightbox=\"yes\" data-elementor-lightbox-slideshow=\"3a6463b\" data-elementor-lightbox-title=\"Vortrag zum historischen R\u00fcckblick im Bahnhof Annaberg-Buchholz S\u00fcd\" data-e-action-hash=\"#elementor-action%3Aaction%3Dlightbox%26settings%3DeyJpZCI6MTA4MCwidXJsIjoiaHR0cHM6XC9cL3d3dy5zbWFydC1yYWlsLWNhbXB1cy5kZVwvd3AtY29udGVudFwvdXBsb2Fkc1wvMjAyMlwvMDlcL1ZvcnRyYWctenVtLWhpc3RvcmlzY2hlbi1SdWVja2JsaWNrLWltLUJhaG5ob2YtQW5uYWJlcmctQnVjaGhvbHotU3VlZC5qcGciLCJzbGlkZXNob3ciOiIzYTY0NjNiIn0%3D\" href='https:\/\/www.smart-rail-campus.de\/wp-content\/uploads\/2022\/09\/Vortrag-zum-historischen-Rueckblick-im-Bahnhof-Annaberg-Buchholz-Sued.jpg'><img loading=\"lazy\" decoding=\"async\" width=\"150\" height=\"150\" src=\"https:\/\/www.smart-rail-campus.de\/wp-content\/uploads\/2022\/09\/Vortrag-zum-historischen-Rueckblick-im-Bahnhof-Annaberg-Buchholz-Sued-150x150.jpg\" class=\"attachment-thumbnail size-thumbnail\" alt=\"\" \/><\/a>\n\t\t\t<\/dt><\/dl><dl class='gallery-item'>\n\t\t\t<dt class='gallery-icon landscape'>\n\t\t\t\t<a data-elementor-open-lightbox=\"yes\" data-elementor-lightbox-slideshow=\"3a6463b\" data-elementor-lightbox-title=\"Vortrag zum historischen R\u00fcckblick im Bahnhof Annaberg-Buchholz S\u00fcd von Herrn Seidel\" data-e-action-hash=\"#elementor-action%3Aaction%3Dlightbox%26settings%3DeyJpZCI6MTA4MSwidXJsIjoiaHR0cHM6XC9cL3d3dy5zbWFydC1yYWlsLWNhbXB1cy5kZVwvd3AtY29udGVudFwvdXBsb2Fkc1wvMjAyMlwvMDlcL1ZvcnRyYWctenVtLWhpc3RvcmlzY2hlbi1SdWVja2JsaWNrLWltLUJhaG5ob2YtQW5uYWJlcmctQnVjaGhvbHotU3VlZC12b24tSGVycm4tU2VpZGVsLmpwZyIsInNsaWRlc2hvdyI6IjNhNjQ2M2IifQ%3D%3D\" href='https:\/\/www.smart-rail-campus.de\/wp-content\/uploads\/2022\/09\/Vortrag-zum-historischen-Rueckblick-im-Bahnhof-Annaberg-Buchholz-Sued-von-Herrn-Seidel.jpg'><img loading=\"lazy\" decoding=\"async\" width=\"150\" height=\"150\" src=\"https:\/\/www.smart-rail-campus.de\/wp-content\/uploads\/2022\/09\/Vortrag-zum-historischen-Rueckblick-im-Bahnhof-Annaberg-Buchholz-Sued-von-Herrn-Seidel-150x150.jpg\" class=\"attachment-thumbnail size-thumbnail\" alt=\"\" \/><\/a>\n\t\t\t<\/dt><\/dl><br style=\"clear: both\" \/>\n\t\t<\/div>\n\t\t<\/div>\n\t\t\t\t\t\t<\/div>\n\t\t\t\t<\/div>\n\t\t\t\t\t<\/div>\n\t\t<\/div>\n\t\t\t\t\t<\/div>\n\t\t<\/section>\n\t\t\t\t<section class=\"elementor-section elementor-top-section elementor-element elementor-element-b59a955 elementor-section-boxed elementor-section-height-default elementor-section-height-default\" data-id=\"b59a955\" data-element_type=\"section\" data-e-type=\"section\">\n\t\t\t\t\t\t<div class=\"elementor-container elementor-column-gap-default\">\n\t\t\t\t\t<div class=\"elementor-column elementor-col-100 elementor-top-column elementor-element elementor-element-e61b5a4\" data-id=\"e61b5a4\" data-element_type=\"column\" data-e-type=\"column\">\n\t\t\t<div class=\"elementor-widget-wrap elementor-element-populated\">\n\t\t\t\t\t\t<div class=\"elementor-element elementor-element-143d50a elementor-widget elementor-widget-text-editor\" data-id=\"143d50a\" data-element_type=\"widget\" data-e-type=\"widget\" data-widget_type=\"text-editor.default\">\n\t\t\t\t<div class=\"elementor-widget-container\">\n\t\t\t\t\t\t\t\t\t<p style=\"text-align: center;\">(Fotos: Hans G\u00fcnther und Annett Fl\u00e4mig)<\/p>\t\t\t\t\t\t\t\t<\/div>\n\t\t\t\t<\/div>\n\t\t\t\t\t<\/div>\n\t\t<\/div>\n\t\t\t\t\t<\/div>\n\t\t<\/section>\n\t\t\t\t<\/div>\n\t\t","protected":false},"excerpt":{"rendered":"<p>Das Streckenjubil\u00e4um fand vom 13. August bis 14. August 2022 statt150 Jahre Eisenbahnstrecke Vejprty \u2013 Annaberg125 Jahre Fichtelbergbahn und 20 Jahre Erzgebirgsbahn Neben Veranstaltungen der DB Erzgebirgsbahn und der Fichtelbergbahn, pr\u00e4sentierten wir am 13. und 14. August 2022 die Zukunft des Schienenverkehrs. Am Bahnhof Annaberg-Buchholz S\u00fcd konnten sich die zahlreichen, interessierten Besucher in traditionsreicher Kulisse [&hellip;]<\/p>\n","protected":false},"author":1,"featured_media":0,"parent":0,"menu_order":0,"comment_status":"closed","ping_status":"closed","template":"","meta":{"footnotes":""},"class_list":["post-662","page","type-page","status-publish","hentry","post"],"_links":{"self":[{"href":"https:\/\/www.smart-rail-campus.de\/index.php?rest_route=\/wp\/v2\/pages\/662","targetHints":{"allow":["GET"]}}],"collection":[{"href":"https:\/\/www.smart-rail-campus.de\/index.php?rest_route=\/wp\/v2\/pages"}],"about":[{"href":"https:\/\/www.smart-rail-campus.de\/index.php?rest_route=\/wp\/v2\/types\/page"}],"author":[{"embeddable":true,"href":"https:\/\/www.smart-rail-campus.de\/index.php?rest_route=\/wp\/v2\/users\/1"}],"replies":[{"embeddable":true,"href":"https:\/\/www.smart-rail-campus.de\/index.php?rest_route=%2Fwp%2Fv2%2Fcomments&post=662"}],"version-history":[{"count":96,"href":"https:\/\/www.smart-rail-campus.de\/index.php?rest_route=\/wp\/v2\/pages\/662\/revisions"}],"predecessor-version":[{"id":1103,"href":"https:\/\/www.smart-rail-campus.de\/index.php?rest_route=\/wp\/v2\/pages\/662\/revisions\/1103"}],"wp:attachment":[{"href":"https:\/\/www.smart-rail-campus.de\/index.php?rest_route=%2Fwp%2Fv2%2Fmedia&parent=662"}],"curies":[{"name":"wp","href":"https:\/\/api.w.org\/{rel}","templated":true}]}}