{"id":70,"date":"2021-10-13T15:18:38","date_gmt":"2021-10-13T13:18:38","guid":{"rendered":"https:\/\/srcc.saxxbizz.de\/?page_id=70"},"modified":"2021-11-17T10:26:44","modified_gmt":"2021-11-17T09:26:44","slug":"homepage","status":"publish","type":"page","link":"https:\/\/www.smart-rail-campus.de\/","title":{"rendered":"Homepage"},"content":{"rendered":"<div id=\"pl-70\"  class=\"panel-layout\" ><div id=\"pg-70-0\"  class=\"panel-grid panel-no-style\" ><div id=\"pgc-70-0-0\"  class=\"panel-grid-cell\" ><div id=\"panel-70-0-0-0\" class=\"so-panel widget widget_circleicon-widget panel-first-child panel-last-child\" data-index=\"0\" >\t\t<div class=\"circle-icon-box circle-icon-position-top circle-icon-hide-box circle-icon-size-small \">\n\t\t\t\t\t\t\t<div class=\"circle-icon-wrapper\">\n\t\t\t\t\t\t\t\t\t\t<div class=\"circle-icon\" >\n\t\t\t\t\t\t\t\t\t\t\t\t\t<div\n\t\t\t\t\t\t\t\tclass=\"fa fa-battery-full\"\n\t\t\t\t\t\t\t\t\t\t\t\t\t\t\t><\/div>\n\t\t\t\t\t\t\t\t\t\t\t<\/div>\n\t\t\t\t\t\t\t\t\t<\/div>\n\t\t\t\n\t\t\t\t\t\t\t\t\t\t<h4 style=\"color: #000000\">\n\t\t\t\t\t\u00dcber das Vorhaben\t\t\t\t<\/h4>\n\t\t\t\t\t\t\n\t\t\t\t\t\t\t<p class=\"text\" >\n\t\t\t\tDas Vorhaben Smart Rail Connectivity Campus (SRCC) etabliert am Standort Annaberg-Buchholz ein Zentrum f\u00fcr Forschung, Entwicklung, Erprobung und Bef\u00e4higung zur Zulassung im Innovationsfeld Intelligenter Schienenverkehr (Smart Rail)\t\t\t<\/p>\n\t\t\t\t\t\t\t\t\t\t<a\n\t\t\t\t\thref=\"https:\/\/www.smart-rail-campus.de\/?page_id=5\"\n\t\t\t\t\tclass=\"more-button\"\n\t\t\t\t\t\t\t\t\t>\n\t\t\t\t\tWeiterlesen\t\t\t\t\t<i><\/i>\n\t\t\t\t<\/a>\n\t\t\t\t\t<\/div>\n\t\t<\/div><\/div><div id=\"pgc-70-0-1\"  class=\"panel-grid-cell\" ><div id=\"panel-70-0-1-0\" class=\"so-panel widget widget_circleicon-widget panel-first-child panel-last-child\" data-index=\"1\" >\t\t<div class=\"circle-icon-box circle-icon-position-top circle-icon-hide-box circle-icon-size-small \">\n\t\t\t\t\t\t\t<div class=\"circle-icon-wrapper\">\n\t\t\t\t\t\t\t\t\t\t<div class=\"circle-icon\" >\n\t\t\t\t\t\t\t\t\t\t\t\t\t<div\n\t\t\t\t\t\t\t\tclass=\"fa fa-group\"\n\t\t\t\t\t\t\t\t\t\t\t\t\t\t\t><\/div>\n\t\t\t\t\t\t\t\t\t\t\t<\/div>\n\t\t\t\t\t\t\t\t\t<\/div>\n\t\t\t\n\t\t\t\t\t\t\t\t\t\t<h4 style=\"color: #000000\">\n\t\t\t\t\tNetzwerk\t\t\t\t<\/h4>\n\t\t\t\t\t\t\n\t\t\t\t\t\t\t<p class=\"text\" >\n\t\t\t\tDas Projekt \"Smart Rail Connectivity Campus\" ist ein Gemeinschaftsvorhaben unter Federf\u00fchrung der Standt Annaberg-Buchholz und der Technischen Universit\u00e4t Chemnitz und wird unterst\u00fctzt durch den Freistaat Sachsen und der DB RegioNetz Verkehrs GmbH\/Infrastruktur GmbH Erzgebirgsbahn, als Betreiber der Bahninfrastruktur.\t\t\t<\/p>\n\t\t\t\t\t\t\t\t\t\t<a\n\t\t\t\t\thref=\"https:\/\/www.smart-rail-campus.de\/?page_id=37\"\n\t\t\t\t\tclass=\"more-button\"\n\t\t\t\t\t\t\t\t\t>\n\t\t\t\t\tWeiterlesen\t\t\t\t\t<i><\/i>\n\t\t\t\t<\/a>\n\t\t\t\t\t<\/div>\n\t\t<\/div><\/div><\/div><div id=\"pg-70-1\"  class=\"panel-grid panel-no-style\" ><div id=\"pgc-70-1-0\"  class=\"panel-grid-cell\" ><div id=\"panel-70-1-0-0\" class=\"so-panel widget widget_siteorigin-panels-postloop panel-first-child panel-last-child\" data-index=\"2\" ><h3 class=\"widget-title\"><span class=\"vantage-carousel-title\"><span class=\"vantage-carousel-title-text\">Aktuelle News<\/span><a href=\"#\" class=\"next\" title=\"N\u00e4chster\"><span class=\"vantage-icon-arrow-right\"><\/span><\/a><a href=\"#\" class=\"previous\" title=\"Vorheriger\"><span class=\"vantage-icon-arrow-left\"><\/span><\/a><\/span><\/h3><div class=\"vantage-carousel-wrapper\">\n\t\n\t<ul\n\t\tclass=\"vantage-carousel\"\n\t\tdata-query=\"{&quot;more&quot;:true,&quot;post_type&quot;:&quot;post&quot;,&quot;posts_per_page&quot;:20,&quot;orderby&quot;:&quot;date&quot;,&quot;order&quot;:&quot;DESC&quot;,&quot;siteorigin&quot;:&quot;1&quot;,&quot;extended_widget_opts&quot;:{&quot;id_base&quot;:&quot;c50&quot;,&quot;visibility&quot;:{&quot;main&quot;:&quot;&quot;,&quot;options&quot;:&quot;hide&quot;,&quot;selected&quot;:&quot;0&quot;},&quot;devices&quot;:{&quot;options&quot;:&quot;hide&quot;},&quot;alignment&quot;:{&quot;desktop&quot;:&quot;default&quot;},&quot;roles&quot;:{&quot;state&quot;:&quot;&quot;},&quot;class&quot;:{&quot;selected&quot;:&quot;0&quot;,&quot;id&quot;:&quot;&quot;,&quot;classes&quot;:&quot;&quot;,&quot;logic&quot;:&quot;&quot;}},&quot;panels_info&quot;:{&quot;class&quot;:&quot;SiteOrigin_Panels_Widgets_PostLoop&quot;,&quot;grid&quot;:1,&quot;cell&quot;:0,&quot;id&quot;:2,&quot;widget_id&quot;:&quot;a9db3c53-2d02-4879-96b8-74206d21f479&quot;,&quot;style&quot;:{&quot;background_image_attachment&quot;:false,&quot;background_display&quot;:&quot;tile&quot;},&quot;cell_index&quot;:0,&quot;widget_index&quot;:2},&quot;pagination_id&quot;:608406265,&quot;so_sidebar_emulator_id&quot;:&quot;siteorigin-panels-postloop-7010002&quot;,&quot;option_name&quot;:&quot;widget_siteorigin-panels-postloop&quot;,&quot;paged&quot;:1,&quot;post__not_in&quot;:[70],&quot;fields&quot;:&quot;all&quot;,&quot;lazy_load_term_meta&quot;:true}\"\n\t\tdata-ajax-url=\"https:\/\/www.smart-rail-campus.de\/wp-admin\/admin-ajax.php?vantage_carousel_nonce=ee1d3e3eed\"\n\t>\n\t\t\t\t\t<li class=\"carousel-entry\">\n\t\t\t\t<div class=\"thumbnail\">\n\t\t\t\t\t\t\t\t\t\t\t<a href=\"https:\/\/www.smart-rail-campus.de\/?p=8279\" style=\"background-image: url(https:\/\/www.smart-rail-campus.de\/wp-content\/uploads\/2026\/05\/plenari_meeting_gr_6G_3-272x182.jpg)\">\n\t\t\t\t\t\t<\/a>\n\t\t\t\t\t\t\t\t\t<\/div>\n\t\t\t\t\t\t\t\t<h3><a href=\"https:\/\/www.smart-rail-campus.de\/?p=8279\">R\u00fcckblick: Amazing 6G Plenary Meeting in Griechenland<\/a><\/h3>\n\t\t\t<\/li>\n\t\t\t\t\t<li class=\"carousel-entry\">\n\t\t\t\t<div class=\"thumbnail\">\n\t\t\t\t\t\t\t\t\t\t\t<a href=\"https:\/\/www.smart-rail-campus.de\/?p=8224\" style=\"background-image: url(https:\/\/www.smart-rail-campus.de\/wp-content\/uploads\/2025\/04\/IMG_2559-272x182.jpeg)\">\n\t\t\t\t\t\t<\/a>\n\t\t\t\t\t\t\t\t\t<\/div>\n\t\t\t\t\t\t\t\t<h3><a href=\"https:\/\/www.smart-rail-campus.de\/?p=8224\">Veranstaltungshinweis: SRCC-Netzwerktreffen zum WIR!-Abschluss am 10.06.26<\/a><\/h3>\n\t\t\t<\/li>\n\t\t\t\t\t<li class=\"carousel-entry\">\n\t\t\t\t<div class=\"thumbnail\">\n\t\t\t\t\t\t\t\t\t\t\t<a href=\"https:\/\/www.smart-rail-campus.de\/?p=8246\" style=\"background-image: url(https:\/\/www.smart-rail-campus.de\/wp-content\/uploads\/2026\/05\/2026_04_13-1-e1778509491385-272x182.jpeg)\">\n\t\t\t\t\t\t<\/a>\n\t\t\t\t\t\t\t\t\t<\/div>\n\t\t\t\t\t\t\t\t<h3><a href=\"https:\/\/www.smart-rail-campus.de\/?p=8246\">R\u00fcckblick: Intensiv und praxisnah: Grundlagen des Bahnbetriebs kompakt in einer Woche<\/a><\/h3>\n\t\t\t<\/li>\n\t\t\t\t\t<li class=\"carousel-entry\">\n\t\t\t\t<div class=\"thumbnail\">\n\t\t\t\t\t\t\t\t\t\t\t<a href=\"https:\/\/www.smart-rail-campus.de\/?p=8128\" style=\"background-image: url(https:\/\/www.smart-rail-campus.de\/wp-content\/uploads\/2026\/04\/Gruppenbild_Letter_of_Intent-272x182.jpg)\">\n\t\t\t\t\t\t<\/a>\n\t\t\t\t\t\t\t\t\t<\/div>\n\t\t\t\t\t\t\t\t<h3><a href=\"https:\/\/www.smart-rail-campus.de\/?p=8128\">Autonom unterwegs im \u00d6PNV &#8211; Letters of Intent unterzeichnet<\/a><\/h3>\n\t\t\t<\/li>\n\t\t\t\t\t<li class=\"carousel-entry\">\n\t\t\t\t<div class=\"thumbnail\">\n\t\t\t\t\t\t\t\t\t\t\t<a href=\"https:\/\/www.smart-rail-campus.de\/?p=8097\" style=\"background-image: url(https:\/\/www.smart-rail-campus.de\/wp-content\/uploads\/2026\/04\/Header-News-SRCC-1-272x182.jpg)\">\n\t\t\t\t\t\t<\/a>\n\t\t\t\t\t\t\t\t\t<\/div>\n\t\t\t\t\t\t\t\t<h3><a href=\"https:\/\/www.smart-rail-campus.de\/?p=8097\">DZSF-Forschungsstrategie ver\u00f6ffentlicht<\/a><\/h3>\n\t\t\t<\/li>\n\t\t\t\t\t<li class=\"carousel-entry\">\n\t\t\t\t<div class=\"thumbnail\">\n\t\t\t\t\t\t\t\t\t\t\t<a href=\"https:\/\/www.smart-rail-campus.de\/?p=8074\" style=\"background-image: url(https:\/\/www.smart-rail-campus.de\/wp-content\/uploads\/2026\/03\/vdfos_messfahrt_chemnitz2-272x182.jpg)\">\n\t\t\t\t\t\t<\/a>\n\t\t\t\t\t\t\t\t\t<\/div>\n\t\t\t\t\t\t\t\t<h3><a href=\"https:\/\/www.smart-rail-campus.de\/?p=8074\">Messfahrt, Meilenstein und Fiber Optic Sensing<\/a><\/h3>\n\t\t\t<\/li>\n\t\t\t\t\t<li class=\"carousel-entry\">\n\t\t\t\t<div class=\"thumbnail\">\n\t\t\t\t\t\t\t\t\t\t\t<a href=\"https:\/\/www.smart-rail-campus.de\/?p=8014\" style=\"background-image: url(https:\/\/www.smart-rail-campus.de\/wp-content\/uploads\/2026\/03\/header_railinnohub_zwoenitz-272x182.jpg)\">\n\t\t\t\t\t\t<\/a>\n\t\t\t\t\t\t\t\t\t<\/div>\n\t\t\t\t\t\t\t\t<h3><a href=\"https:\/\/www.smart-rail-campus.de\/?p=8014\">R\u00fcckblick I Recenze: Zweites Netzwerktreffen RailInnoHUB SN-CZ in Zw\u00f6nitz\/ 2. s\u00ed\u0165ov\u00e9 setk\u00e1n\u00ed RailInnoHUB SN-CZ v Zw\u00f6nitz<\/a><\/h3>\n\t\t\t<\/li>\n\t\t\t\t\t<li class=\"carousel-entry\">\n\t\t\t\t<div class=\"thumbnail\">\n\t\t\t\t\t\t\t\t\t\t\t<a href=\"https:\/\/www.smart-rail-campus.de\/?p=8000\" style=\"background-image: url(https:\/\/www.smart-rail-campus.de\/wp-content\/uploads\/2026\/03\/IMG_8083-e1773297064633-272x182.jpeg)\">\n\t\t\t\t\t\t<\/a>\n\t\t\t\t\t\t\t\t\t<\/div>\n\t\t\t\t\t\t\t\t<h3><a href=\"https:\/\/www.smart-rail-campus.de\/?p=8000\">R\u00fcckblick: SRCC zu Besuch bei der IT-TRANS<\/a><\/h3>\n\t\t\t<\/li>\n\t\t\t\t\t<li class=\"carousel-entry\">\n\t\t\t\t<div class=\"thumbnail\">\n\t\t\t\t\t\t\t\t\t\t\t<a href=\"https:\/\/www.smart-rail-campus.de\/?p=8086\" style=\"background-image: url(https:\/\/www.smart-rail-campus.de\/wp-content\/uploads\/2026\/03\/PM_SRCC-272x182.jpg)\">\n\t\t\t\t\t\t<\/a>\n\t\t\t\t\t\t\t\t\t<\/div>\n\t\t\t\t\t\t\t\t<h3><a href=\"https:\/\/www.smart-rail-campus.de\/?p=8086\">Erfolgreicher Praxistest zur 5G-Echtzeit-Video\u00fcbertragung mit Boldyn Networks<\/a><\/h3>\n\t\t\t<\/li>\n\t\t\t\t\t<li class=\"carousel-entry\">\n\t\t\t\t<div class=\"thumbnail\">\n\t\t\t\t\t\t\t\t\t\t\t<a href=\"https:\/\/www.smart-rail-campus.de\/?p=7919\" style=\"background-image: url(https:\/\/www.smart-rail-campus.de\/wp-content\/uploads\/2026\/03\/vindobona_prag0-272x182.jpg)\">\n\t\t\t\t\t\t<\/a>\n\t\t\t\t\t\t\t\t\t<\/div>\n\t\t\t\t\t\t\t\t<h3><a href=\"https:\/\/www.smart-rail-campus.de\/?p=7919\">R\u00fcckblick I Recenze: Smart Rail Via Vindobona Prag 10.\/11.2.2026<\/a><\/h3>\n\t\t\t<\/li>\n\t\t\t\t\t<li class=\"carousel-entry\">\n\t\t\t\t<div class=\"thumbnail\">\n\t\t\t\t\t\t\t\t\t\t\t<a href=\"https:\/\/www.smart-rail-campus.de\/?p=7972\" style=\"background-image: url(https:\/\/www.smart-rail-campus.de\/wp-content\/uploads\/2026\/03\/2026_02_HTS_Minden_komp-scaled-e1773066752613-272x182.jpg)\">\n\t\t\t\t\t\t<\/a>\n\t\t\t\t\t\t\t\t\t<\/div>\n\t\t\t\t\t\t\t\t<h3><a href=\"https:\/\/www.smart-rail-campus.de\/?p=7972\">R\u00fcckblick: DZM-Hot Topic Seminar in Minden<\/a><\/h3>\n\t\t\t<\/li>\n\t\t\t\t\t<li class=\"carousel-entry\">\n\t\t\t\t<div class=\"thumbnail\">\n\t\t\t\t\t\t\t\t\t\t\t<a href=\"https:\/\/www.smart-rail-campus.de\/?p=7899\" style=\"background-image: url(https:\/\/www.smart-rail-campus.de\/wp-content\/uploads\/2026\/02\/20260219_113418_komp-272x182.jpg)\">\n\t\t\t\t\t\t<\/a>\n\t\t\t\t\t\t\t\t\t<\/div>\n\t\t\t\t\t\t\t\t<h3><a href=\"https:\/\/www.smart-rail-campus.de\/?p=7899\">R\u00fcckblick: SRCC beim Netzwerktag &#8211; Zivile Sicherheitsforschung f\u00fcr die Gesellschaft<\/a><\/h3>\n\t\t\t<\/li>\n\t\t\t\t\t<li class=\"carousel-entry\">\n\t\t\t\t<div class=\"thumbnail\">\n\t\t\t\t\t\t\t\t\t\t\t<a href=\"https:\/\/www.smart-rail-campus.de\/?p=7907\" style=\"background-image: url(https:\/\/www.smart-rail-campus.de\/wp-content\/uploads\/2026\/02\/Decin1-272x182.jpg)\">\n\t\t\t\t\t\t<\/a>\n\t\t\t\t\t\t\t\t\t<\/div>\n\t\t\t\t\t\t\t\t<h3><a href=\"https:\/\/www.smart-rail-campus.de\/?p=7907\">R\u00fcckblick: Erstes Netzwerktreffen RailInnoHUB SN-CZ in D\u011b\u010d\u00edn \/ 1. s\u00ed\u0165ov\u00e9 setk\u00e1n\u00ed RailInnoHUB SN-CZ v D\u011b\u010d\u00edn\u011b<\/a><\/h3>\n\t\t\t<\/li>\n\t\t\t\t\t<li class=\"carousel-entry\">\n\t\t\t\t<div class=\"thumbnail\">\n\t\t\t\t\t\t\t\t\t\t\t<a href=\"https:\/\/www.smart-rail-campus.de\/?p=7844\" style=\"background-image: url(https:\/\/www.smart-rail-campus.de\/wp-content\/uploads\/2026\/01\/Header-SRCC-winterschool-272x182.png)\">\n\t\t\t\t\t\t<\/a>\n\t\t\t\t\t\t\t\t\t<\/div>\n\t\t\t\t\t\t\t\t<h3><a href=\"https:\/\/www.smart-rail-campus.de\/?p=7844\">R\u00fcckblick: DZM-Winterschool 2026 in Chemnitz und Annaberg-Buchholz<\/a><\/h3>\n\t\t\t<\/li>\n\t\t\t\t\t<li class=\"carousel-entry\">\n\t\t\t\t<div class=\"thumbnail\">\n\t\t\t\t\t\t\t\t\t\t\t<a href=\"https:\/\/www.smart-rail-campus.de\/?p=7697\" style=\"background-image: url(https:\/\/www.smart-rail-campus.de\/wp-content\/uploads\/2026\/01\/Header_Einladung-272x182.png)\">\n\t\t\t\t\t\t<\/a>\n\t\t\t\t\t\t\t\t\t<\/div>\n\t\t\t\t\t\t\t\t<h3><a href=\"https:\/\/www.smart-rail-campus.de\/?p=7697\">Veranstaltungshinweis\/Informace o akci: Smart Rail Via Vindobona Prag 10.\/11.2.2026<\/a><\/h3>\n\t\t\t<\/li>\n\t\t\t\t\t<li class=\"carousel-entry\">\n\t\t\t\t<div class=\"thumbnail\">\n\t\t\t\t\t\t\t\t\t\t\t<a href=\"https:\/\/www.smart-rail-campus.de\/?p=7730\" style=\"background-image: url(https:\/\/www.smart-rail-campus.de\/wp-content\/uploads\/2026\/01\/Header-Mail-RailInnoHUB-272x182.png)\">\n\t\t\t\t\t\t<\/a>\n\t\t\t\t\t\t\t\t\t<\/div>\n\t\t\t\t\t\t\t\t<h3><a href=\"https:\/\/www.smart-rail-campus.de\/?p=7730\">Veranstaltungshinweis: Erstes Netzwerktreffen RailInnoHUB SN-CZ in D\u011b\u010d\u00edn \/ 1. s\u00ed\u0165ov\u00e9 setk\u00e1n\u00ed RailInnoHUB SN-CZ v D\u011b\u010d\u00edn\u011b<\/a><\/h3>\n\t\t\t<\/li>\n\t\t\t\t\t<li class=\"carousel-entry\">\n\t\t\t\t<div class=\"thumbnail\">\n\t\t\t\t\t\t\t\t\t\t\t<a href=\"https:\/\/www.smart-rail-campus.de\/?p=7650\" style=\"background-image: url(https:\/\/www.smart-rail-campus.de\/wp-content\/uploads\/2025\/12\/03_fahrt_17_12_2026-272x182.jpg)\">\n\t\t\t\t\t\t<\/a>\n\t\t\t\t\t\t\t\t\t<\/div>\n\t\t\t\t\t\t\t\t<h3><a href=\"https:\/\/www.smart-rail-campus.de\/?p=7650\">Volldampf voraus: Bahnstrecke wird zum Musterbeispiel f\u00fcr moderne Infrastruktur<\/a><\/h3>\n\t\t\t<\/li>\n\t\t\t\t\t<li class=\"carousel-entry\">\n\t\t\t\t<div class=\"thumbnail\">\n\t\t\t\t\t\t\t\t\t\t\t<a href=\"https:\/\/www.smart-rail-campus.de\/?p=7677\" style=\"background-image: url(https:\/\/www.smart-rail-campus.de\/wp-content\/uploads\/2025\/12\/IMG_6770-272x182.jpeg)\">\n\t\t\t\t\t\t<\/a>\n\t\t\t\t\t\t\t\t\t<\/div>\n\t\t\t\t\t\t\t\t<h3><a href=\"https:\/\/www.smart-rail-campus.de\/?p=7677\">R\u00fcckblick: SRCC-Weihnachtstreffen am 03. Dezember 2025 in Chemnitz\u00a0<\/a><\/h3>\n\t\t\t<\/li>\n\t\t\t\t\t<li class=\"carousel-entry\">\n\t\t\t\t<div class=\"thumbnail\">\n\t\t\t\t\t\t\t\t\t\t\t<a href=\"https:\/\/www.smart-rail-campus.de\/?p=7588\" style=\"background-image: url(https:\/\/www.smart-rail-campus.de\/wp-content\/uploads\/2025\/12\/Header-News-SRCC-272x182.jpg)\">\n\t\t\t\t\t\t<\/a>\n\t\t\t\t\t\t\t\t\t<\/div>\n\t\t\t\t\t\t\t\t<h3><a href=\"https:\/\/www.smart-rail-campus.de\/?p=7588\">SRCC im Konsortium von &#8222;RemODtrAIn&#8220;<\/a><\/h3>\n\t\t\t<\/li>\n\t\t\t\t\t<li class=\"carousel-entry\">\n\t\t\t\t<div class=\"thumbnail\">\n\t\t\t\t\t\t\t\t\t\t\t<a href=\"https:\/\/www.smart-rail-campus.de\/?p=7600\" style=\"background-image: url(https:\/\/www.smart-rail-campus.de\/wp-content\/uploads\/2025\/12\/PXL_20251206_153515943-272x182.jpg)\">\n\t\t\t\t\t\t<\/a>\n\t\t\t\t\t\t\t\t\t<\/div>\n\t\t\t\t\t\t\t\t<h3><a href=\"https:\/\/www.smart-rail-campus.de\/?p=7600\">R\u00fcckblick Nikolausfahrt<\/a><\/h3>\n\t\t\t<\/li>\n\t\t\t<\/ul>\n<\/div>\n<\/div><\/div><\/div><\/div>","protected":false},"excerpt":{"rendered":"<p>\u00dcber das Vorhaben Das Vorhaben Smart Rail Connectivity Campus (SRCC) etabliert am Standort Annaberg-Buchholz ein Zentrum f\u00fcr Forschung, Entwicklung, Erprobung und Bef\u00e4higung zur Zulassung im Innovationsfeld Intelligenter Schienenverkehr (Smart Rail) Weiterlesen Netzwerk Das Projekt &#8222;Smart Rail Connectivity Campus&#8220; ist ein Gemeinschaftsvorhaben unter Federf\u00fchrung der Standt Annaberg-Buchholz und der Technischen Universit\u00e4t Chemnitz und wird unterst\u00fctzt durch [&hellip;]<\/p>\n","protected":false},"author":1,"featured_media":0,"parent":0,"menu_order":0,"comment_status":"closed","ping_status":"closed","template":"home-panels.php","meta":{"footnotes":""},"class_list":["post-70","page","type-page","status-publish","hentry","post"],"_links":{"self":[{"href":"https:\/\/www.smart-rail-campus.de\/index.php?rest_route=\/wp\/v2\/pages\/70","targetHints":{"allow":["GET"]}}],"collection":[{"href":"https:\/\/www.smart-rail-campus.de\/index.php?rest_route=\/wp\/v2\/pages"}],"about":[{"href":"https:\/\/www.smart-rail-campus.de\/index.php?rest_route=\/wp\/v2\/types\/page"}],"author":[{"embeddable":true,"href":"https:\/\/www.smart-rail-campus.de\/index.php?rest_route=\/wp\/v2\/users\/1"}],"replies":[{"embeddable":true,"href":"https:\/\/www.smart-rail-campus.de\/index.php?rest_route=%2Fwp%2Fv2%2Fcomments&post=70"}],"version-history":[{"count":0,"href":"https:\/\/www.smart-rail-campus.de\/index.php?rest_route=\/wp\/v2\/pages\/70\/revisions"}],"wp:attachment":[{"href":"https:\/\/www.smart-rail-campus.de\/index.php?rest_route=%2Fwp%2Fv2%2Fmedia&parent=70"}],"curies":[{"name":"wp","href":"https:\/\/api.w.org\/{rel}","templated":true}]}}