{"id":7105,"date":"2025-08-08T09:40:18","date_gmt":"2025-08-08T07:40:18","guid":{"rendered":"https:\/\/www.smart-rail-campus.de\/?page_id=7105"},"modified":"2025-08-08T09:59:43","modified_gmt":"2025-08-08T07:59:43","slug":"tag-der-schiene-publicday","status":"publish","type":"page","link":"https:\/\/www.smart-rail-campus.de\/?page_id=7105","title":{"rendered":"Tag der Schiene &#8211; PublicDay"},"content":{"rendered":"\t\t<div data-elementor-type=\"wp-page\" data-elementor-id=\"7105\" class=\"elementor elementor-7105\">\n\t\t\t\t\t\t<section class=\"elementor-section elementor-top-section elementor-element elementor-element-c42aae5 elementor-section-boxed elementor-section-height-default elementor-section-height-default\" data-id=\"c42aae5\" data-element_type=\"section\" data-e-type=\"section\">\n\t\t\t\t\t\t<div class=\"elementor-container elementor-column-gap-default\">\n\t\t\t\t\t<div class=\"elementor-column elementor-col-100 elementor-top-column elementor-element elementor-element-badf2ce\" data-id=\"badf2ce\" data-element_type=\"column\" data-e-type=\"column\">\n\t\t\t<div class=\"elementor-widget-wrap elementor-element-populated\">\n\t\t\t\t\t\t<div class=\"elementor-element elementor-element-3ebcce9 elementor-widget elementor-widget-image\" data-id=\"3ebcce9\" data-element_type=\"widget\" data-e-type=\"widget\" data-widget_type=\"image.default\">\n\t\t\t\t<div class=\"elementor-widget-container\">\n\t\t\t\t\t\t\t\t\t\t\t\t\t\t\t<img decoding=\"async\" src=\"https:\/\/www.smart-rail-campus.de\/wp-content\/uploads\/2025\/08\/VeranStaltungs-Hinweis-1.png\" title=\"VeranStaltungs- Hinweis-1\" alt=\"VeranStaltungs- Hinweis-1\" loading=\"lazy\" \/>\t\t\t\t\t\t\t\t\t\t\t\t\t\t\t<\/div>\n\t\t\t\t<\/div>\n\t\t\t\t\t<\/div>\n\t\t<\/div>\n\t\t\t\t\t<\/div>\n\t\t<\/section>\n\t\t\t\t<section class=\"elementor-section elementor-top-section elementor-element elementor-element-7d93326 elementor-section-boxed elementor-section-height-default elementor-section-height-default\" data-id=\"7d93326\" data-element_type=\"section\" data-e-type=\"section\">\n\t\t\t\t\t\t<div class=\"elementor-container elementor-column-gap-default\">\n\t\t\t\t\t<div class=\"elementor-column elementor-col-100 elementor-top-column elementor-element elementor-element-51d0b98\" data-id=\"51d0b98\" data-element_type=\"column\" data-e-type=\"column\">\n\t\t\t<div class=\"elementor-widget-wrap elementor-element-populated\">\n\t\t\t\t\t\t<div class=\"elementor-element elementor-element-9677891 elementor-widget elementor-widget-text-editor\" data-id=\"9677891\" data-element_type=\"widget\" data-e-type=\"widget\" data-widget_type=\"text-editor.default\">\n\t\t\t\t<div class=\"elementor-widget-container\">\n\t\t\t\t\t\t\t\t\t<div><div><h4><strong>PublicDay am Bahnhof Annaberg-Buchholz S\u00fcd \u2013 Ein Tag rund um die Mobilit\u00e4t der Zukunft und die Schienenverkehrsforschung\u00a0<\/strong><\/h4><p>Im Rahmen der Veranstaltung &#8222;200 Jahre Eisenbahn&#8220; der Kulturhauptstadt Europas Chemnitz 2025 und anl\u00e4sslich des Tags der Schiene l\u00e4dt der Smart Rail Connectivity Campus (SRCC) am 20.09.2025 von 10:00 Uhr bis 14:00 Uhr zum PublicDay am Bahnhof Annaberg-Buchholz S\u00fcd.<\/p><p>Der Smart Rail Connectivity Campus (SRCC) bietet gemeinsam mit Partnern, wie dem Deutschen Zentrum f\u00fcr Schienenverkehrsforschung und\u00a0EUROPE DIRECT Erzgebirge,\u00a0einen PublicDay f\u00fcr die breite \u00d6ffentlichkeit rund um die Themen Mobilit\u00e4t der Zukunft und Schienenverkehrsforschung an.<\/p><p>Sie erwartet ein spannender Einblick in aktuelle Forschungsthemen, Aktivit\u00e4ten und Projekte.<\/p><\/div><\/div><div><p><strong>\u00d6ffnungszeiten:\u00a0<\/strong><\/p><p>Samstag &#8211; 20.09.2025<\/p><p>10:00 bis 14:00 Uhr<\/p><p><b>Ort:<\/b><\/p><p>Bahnhof Annaberg-Buchholz S\u00fcd<\/p><p>Am Bahnhof 1<\/p><p>09456 Annaberg-Buchholz<\/p><p>Weiterf\u00fchrende Links:<\/p><p>Infos zum &#8222;Tag der Schiene&#8220;: <a href=\"https:\/\/tag-der-schiene.de\/event\/publicday-am-bahnhof-annaberg-buchholz-sued\/\">https:\/\/tag-der-schiene.de\/event\/publicday-am-bahnhof-annaberg-buchholz-sued\/<\/a><\/p><p>Infos zu &#8222;200 Jahre Eisenbahn&#8220;: <a href=\"https:\/\/www.vms.de\/200-jahre-eisenbahn\/\" target=\"_blank\" rel=\"noopener\">https:\/\/www.vms.de\/200-jahre-eisenbahn\/<\/a><\/p><\/div>\t\t\t\t\t\t\t\t<\/div>\n\t\t\t\t<\/div>\n\t\t\t\t\t<\/div>\n\t\t<\/div>\n\t\t\t\t\t<\/div>\n\t\t<\/section>\n\t\t\t\t<\/div>\n\t\t","protected":false},"excerpt":{"rendered":"<p>PublicDay am Bahnhof Annaberg-Buchholz S\u00fcd \u2013 Ein Tag rund um die Mobilit\u00e4t der Zukunft und die Schienenverkehrsforschung\u00a0 Im Rahmen der Veranstaltung &#8222;200 Jahre Eisenbahn&#8220; der Kulturhauptstadt Europas Chemnitz 2025 und anl\u00e4sslich des Tags der Schiene l\u00e4dt der Smart Rail Connectivity Campus (SRCC) am 20.09.2025 von 10:00 Uhr bis 14:00 Uhr zum PublicDay am Bahnhof Annaberg-Buchholz [&hellip;]<\/p>\n","protected":false},"author":11,"featured_media":7106,"parent":0,"menu_order":0,"comment_status":"closed","ping_status":"closed","template":"","meta":{"footnotes":""},"class_list":["post-7105","page","type-page","status-publish","has-post-thumbnail","hentry","post","post-with-thumbnail","post-with-thumbnail-large"],"_links":{"self":[{"href":"https:\/\/www.smart-rail-campus.de\/index.php?rest_route=\/wp\/v2\/pages\/7105","targetHints":{"allow":["GET"]}}],"collection":[{"href":"https:\/\/www.smart-rail-campus.de\/index.php?rest_route=\/wp\/v2\/pages"}],"about":[{"href":"https:\/\/www.smart-rail-campus.de\/index.php?rest_route=\/wp\/v2\/types\/page"}],"author":[{"embeddable":true,"href":"https:\/\/www.smart-rail-campus.de\/index.php?rest_route=\/wp\/v2\/users\/11"}],"replies":[{"embeddable":true,"href":"https:\/\/www.smart-rail-campus.de\/index.php?rest_route=%2Fwp%2Fv2%2Fcomments&post=7105"}],"version-history":[{"count":10,"href":"https:\/\/www.smart-rail-campus.de\/index.php?rest_route=\/wp\/v2\/pages\/7105\/revisions"}],"predecessor-version":[{"id":7120,"href":"https:\/\/www.smart-rail-campus.de\/index.php?rest_route=\/wp\/v2\/pages\/7105\/revisions\/7120"}],"wp:featuredmedia":[{"embeddable":true,"href":"https:\/\/www.smart-rail-campus.de\/index.php?rest_route=\/wp\/v2\/media\/7106"}],"wp:attachment":[{"href":"https:\/\/www.smart-rail-campus.de\/index.php?rest_route=%2Fwp%2Fv2%2Fmedia&parent=7105"}],"curies":[{"name":"wp","href":"https:\/\/api.w.org\/{rel}","templated":true}]}}